 {"id":568,"date":"2018-09-11T13:26:11","date_gmt":"2018-09-11T13:26:11","guid":{"rendered":"https:\/\/www.chaletbramberg.nl\/de-omgeving\/"},"modified":"2020-08-25T10:10:35","modified_gmt":"2020-08-25T09:10:35","slug":"the-surroundings","status":"publish","type":"page","link":"https:\/\/www.chaletbramberg.nl\/en\/the-surroundings\/","title":{"rendered":"The surroundings"},"content":{"rendered":"<h1>The surroundings<\/h1>\n<h2>M\u00fchlbach<\/h2>\n<p>Chalet Sch\u00f6ne Aussicht is located on the southern slope of the M\u00fchlbacher Sonnberg, just above the hamlet of M\u00fchlbach im Pinzgau. The holiday home is approximately 100 m above the Salzachtal. This gives it a magnificent view over the valley and the Hohe Tauern. In addition, it is easily accessible by car, mountain bike or (motor) bike. An old mountain path runs directly past the house. This public, unpaved path is still maintained by local farmers. Several <a style=\"text-decoration: none; color: #000000;\" href=\"https:\/\/www.chaletbramberg.com\/summer-holiday\/\"><strong>walking trails<\/strong><\/a> run along the path. You can go directly from the yard to the mountains or go down to the valley to enjoy a bite to eat at restaurant Batzingerhof.<\/p>\n<p>Because of its location on the south side of the mountain, the chalet has sun all day. Even in the dark December days, the sun rises above the mountain all day long. As a result, there is <a style=\"text-decoration: none; color: #000000;\" href=\"https:\/\/www.chaletbramberg.com\/the-chalet\/\"><strong>always enough light in the house<\/strong><\/a>. In the winter you can experience the quit peace as the snow dampens the external sounds. This gives a &#8216;miniature-like reality&#8217; where you see the cars driving through the valley, but they barely make any noise. In the spring and summer, the farmers mow their grass and you can enjoy the cows and goats in the surrounding meadows from your own garden. Consequently, during summer or winter &#8230; you can completely relax!<\/p>\n<p>Via the trail you are a in five-minute walk in M\u00fchlbach. Next to the restaurant there is also a bakery and a supermarket. On the other side of the village there is another restaurant and an outdoor swimming pool with playground.<\/p>\n<h2>Further surroundings<\/h2>\n<p>The cosy Bramberg is only a few kilometers from M\u00fchlbach. In the village there are two supermarkets: the Spar and the slightly larger and more expensive MPreis. In addition, there are various other facilities such as bars, restaurants, shops and a bank with an ATM. In Bramberg there is also the Smaragdbahn. With this lift you enter the <a style=\"text-decoration: none; color: #000000;\" href=\"https:\/\/www.chaletbramberg.com\/wintersport\/\"><strong>Wildkogel Arena ski area<\/strong><\/a>, a beautiful ski area with 75 km of slopes. Ideal for families and for anyone that does not mind taking the same track every now and then.<\/p>\n<p>If you drive further you will pass Neukirchen, where you will reach at the end of the valley the <a style=\"text-decoration: none; color: #000000;\" href=\"https:\/\/www.chaletbramberg.com\/summer-holiday\/\"><strong>famous Krimmler Waterfalls<\/strong><\/a>, the largest waterfall in Europe. If you go further the pass, you end up in K\u00f6ningsleiten. Here starts the ski area Zillertal Arena, with famous winter sports resorts such as Gerlos and Zell am Ziller.<\/p>\n<p>If you choose the other side at the bottom of M\u00fchlbach, you will be within a few minutes at the Panoramabahn. This lift takes you to the Kitzb\u00fcheler Alpen, in the<a style=\"text-decoration: none; color: #000000;\" href=\"https:\/\/www.chaletbramberg.com\/wintersport\/\"><strong> Kitzb\u00fchel-Kirchberg ski area<\/strong><\/a>. A fantastic ski area with more than 170 km of slopes. The ski areas of Kaprun and Zell am See are also easily accessible at a 30-minute drive.<\/p>\n","protected":false},"excerpt":{"rendered":"<p>The surroundings M\u00fchlbach Chalet Sch\u00f6ne Aussicht is located on the southern slope of the M\u00fchlbacher Sonnberg, just above the hamlet of M\u00fchlbach im Pinzgau. The holiday home is approximately 100 m above the Salzachtal. This gives it a magnificent view over the valley and the Hohe Tauern. In addition, it is easily accessible by car, [&hellip;]<\/p>\n","protected":false},"author":1,"featured_media":1039,"parent":0,"menu_order":0,"comment_status":"closed","ping_status":"closed","template":"omgeving.php","meta":{"_acf_changed":false,"footnotes":""},"class_list":["post-568","page","type-page","status-publish","has-post-thumbnail","hentry"],"acf":[],"yoast_head":"<!-- This site is optimized with the Yoast SEO plugin v26.5 - https:\/\/yoast.com\/wordpress\/plugins\/seo\/ -->\n<title>The surroundings - Chalet Bramberg | Een luxe vakantiehuis in Bramberg Oostenrijk<\/title>\n<meta name=\"description\" content=\"The chalet is located 100 m above the Salzach Valley near Bramberg. It gives a magnificent view of the Hohe Tauern National Park.\" \/>\n<meta name=\"robots\" content=\"index, follow, max-snippet:-1, max-image-preview:large, max-video-preview:-1\" \/>\n<link rel=\"canonical\" href=\"https:\/\/www.chaletbramberg.nl\/en\/the-surroundings\/\" \/>\n<meta property=\"og:locale\" content=\"en_US\" \/>\n<meta property=\"og:type\" content=\"article\" \/>\n<meta property=\"og:title\" content=\"The surroundings - Chalet Bramberg | Een luxe vakantiehuis in Bramberg Oostenrijk\" \/>\n<meta property=\"og:description\" content=\"The chalet is located 100 m above the Salzach Valley near Bramberg. It gives a magnificent view of the Hohe Tauern National Park.\" \/>\n<meta property=\"og:url\" content=\"https:\/\/www.chaletbramberg.nl\/en\/the-surroundings\/\" \/>\n<meta property=\"og:site_name\" content=\"Chalet Bramberg | Een luxe vakantiehuis in Bramberg Oostenrijk\" \/>\n<meta property=\"article:modified_time\" content=\"2020-08-25T09:10:35+00:00\" \/>\n<meta property=\"og:image\" content=\"https:\/\/www.chaletbramberg.nl\/wp-content\/uploads\/2018\/10\/Uitzicht-Bramberg-Neukirchen.jpg\" \/>\n\t<meta property=\"og:image:width\" content=\"1920\" \/>\n\t<meta property=\"og:image:height\" content=\"600\" \/>\n\t<meta property=\"og:image:type\" content=\"image\/jpeg\" \/>\n<meta name=\"twitter:card\" content=\"summary_large_image\" \/>\n<meta name=\"twitter:label1\" content=\"Est. reading time\" \/>\n\t<meta name=\"twitter:data1\" content=\"2 minutes\" \/>\n<script type=\"application\/ld+json\" class=\"yoast-schema-graph\">{\"@context\":\"https:\/\/schema.org\",\"@graph\":[{\"@type\":\"WebPage\",\"@id\":\"https:\/\/www.chaletbramberg.nl\/en\/the-surroundings\/\",\"url\":\"https:\/\/www.chaletbramberg.nl\/en\/the-surroundings\/\",\"name\":\"The surroundings - Chalet Bramberg | Een luxe vakantiehuis in Bramberg Oostenrijk\",\"isPartOf\":{\"@id\":\"https:\/\/www.chaletbramberg.nl\/#website\"},\"primaryImageOfPage\":{\"@id\":\"https:\/\/www.chaletbramberg.nl\/en\/the-surroundings\/#primaryimage\"},\"image\":{\"@id\":\"https:\/\/www.chaletbramberg.nl\/en\/the-surroundings\/#primaryimage\"},\"thumbnailUrl\":\"https:\/\/www.chaletbramberg.nl\/wp-content\/uploads\/2018\/10\/Uitzicht-Bramberg-Neukirchen.jpg\",\"datePublished\":\"2018-09-11T13:26:11+00:00\",\"dateModified\":\"2020-08-25T09:10:35+00:00\",\"description\":\"The chalet is located 100 m above the Salzach Valley near Bramberg. It gives a magnificent view of the Hohe Tauern National Park.\",\"breadcrumb\":{\"@id\":\"https:\/\/www.chaletbramberg.nl\/en\/the-surroundings\/#breadcrumb\"},\"inLanguage\":\"en-US\",\"potentialAction\":[{\"@type\":\"ReadAction\",\"target\":[\"https:\/\/www.chaletbramberg.nl\/en\/the-surroundings\/\"]}]},{\"@type\":\"ImageObject\",\"inLanguage\":\"en-US\",\"@id\":\"https:\/\/www.chaletbramberg.nl\/en\/the-surroundings\/#primaryimage\",\"url\":\"https:\/\/www.chaletbramberg.nl\/wp-content\/uploads\/2018\/10\/Uitzicht-Bramberg-Neukirchen.jpg\",\"contentUrl\":\"https:\/\/www.chaletbramberg.nl\/wp-content\/uploads\/2018\/10\/Uitzicht-Bramberg-Neukirchen.jpg\",\"width\":1920,\"height\":600},{\"@type\":\"BreadcrumbList\",\"@id\":\"https:\/\/www.chaletbramberg.nl\/en\/the-surroundings\/#breadcrumb\",\"itemListElement\":[{\"@type\":\"ListItem\",\"position\":1,\"name\":\"Home\",\"item\":\"https:\/\/www.chaletbramberg.nl\/en\/\"},{\"@type\":\"ListItem\",\"position\":2,\"name\":\"The surroundings\"}]},{\"@type\":\"WebSite\",\"@id\":\"https:\/\/www.chaletbramberg.nl\/#website\",\"url\":\"https:\/\/www.chaletbramberg.nl\/\",\"name\":\"Chalet Bramberg | Een luxe vakantiehuis in Bramberg Oostenrijk\",\"description\":\"Oostenrijk\",\"potentialAction\":[{\"@type\":\"SearchAction\",\"target\":{\"@type\":\"EntryPoint\",\"urlTemplate\":\"https:\/\/www.chaletbramberg.nl\/?s={search_term_string}\"},\"query-input\":{\"@type\":\"PropertyValueSpecification\",\"valueRequired\":true,\"valueName\":\"search_term_string\"}}],\"inLanguage\":\"en-US\"}]}<\/script>\n<!-- \/ Yoast SEO plugin. -->","yoast_head_json":{"title":"The surroundings - Chalet Bramberg | Een luxe vakantiehuis in Bramberg Oostenrijk","description":"The chalet is located 100 m above the Salzach Valley near Bramberg. It gives a magnificent view of the Hohe Tauern National Park.","robots":{"index":"index","follow":"follow","max-snippet":"max-snippet:-1","max-image-preview":"max-image-preview:large","max-video-preview":"max-video-preview:-1"},"canonical":"https:\/\/www.chaletbramberg.nl\/en\/the-surroundings\/","og_locale":"en_US","og_type":"article","og_title":"The surroundings - Chalet Bramberg | Een luxe vakantiehuis in Bramberg Oostenrijk","og_description":"The chalet is located 100 m above the Salzach Valley near Bramberg. It gives a magnificent view of the Hohe Tauern National Park.","og_url":"https:\/\/www.chaletbramberg.nl\/en\/the-surroundings\/","og_site_name":"Chalet Bramberg | Een luxe vakantiehuis in Bramberg Oostenrijk","article_modified_time":"2020-08-25T09:10:35+00:00","og_image":[{"width":1920,"height":600,"url":"https:\/\/www.chaletbramberg.nl\/wp-content\/uploads\/2018\/10\/Uitzicht-Bramberg-Neukirchen.jpg","type":"image\/jpeg"}],"twitter_card":"summary_large_image","twitter_misc":{"Est. reading time":"2 minutes"},"schema":{"@context":"https:\/\/schema.org","@graph":[{"@type":"WebPage","@id":"https:\/\/www.chaletbramberg.nl\/en\/the-surroundings\/","url":"https:\/\/www.chaletbramberg.nl\/en\/the-surroundings\/","name":"The surroundings - Chalet Bramberg | Een luxe vakantiehuis in Bramberg Oostenrijk","isPartOf":{"@id":"https:\/\/www.chaletbramberg.nl\/#website"},"primaryImageOfPage":{"@id":"https:\/\/www.chaletbramberg.nl\/en\/the-surroundings\/#primaryimage"},"image":{"@id":"https:\/\/www.chaletbramberg.nl\/en\/the-surroundings\/#primaryimage"},"thumbnailUrl":"https:\/\/www.chaletbramberg.nl\/wp-content\/uploads\/2018\/10\/Uitzicht-Bramberg-Neukirchen.jpg","datePublished":"2018-09-11T13:26:11+00:00","dateModified":"2020-08-25T09:10:35+00:00","description":"The chalet is located 100 m above the Salzach Valley near Bramberg. It gives a magnificent view of the Hohe Tauern National Park.","breadcrumb":{"@id":"https:\/\/www.chaletbramberg.nl\/en\/the-surroundings\/#breadcrumb"},"inLanguage":"en-US","potentialAction":[{"@type":"ReadAction","target":["https:\/\/www.chaletbramberg.nl\/en\/the-surroundings\/"]}]},{"@type":"ImageObject","inLanguage":"en-US","@id":"https:\/\/www.chaletbramberg.nl\/en\/the-surroundings\/#primaryimage","url":"https:\/\/www.chaletbramberg.nl\/wp-content\/uploads\/2018\/10\/Uitzicht-Bramberg-Neukirchen.jpg","contentUrl":"https:\/\/www.chaletbramberg.nl\/wp-content\/uploads\/2018\/10\/Uitzicht-Bramberg-Neukirchen.jpg","width":1920,"height":600},{"@type":"BreadcrumbList","@id":"https:\/\/www.chaletbramberg.nl\/en\/the-surroundings\/#breadcrumb","itemListElement":[{"@type":"ListItem","position":1,"name":"Home","item":"https:\/\/www.chaletbramberg.nl\/en\/"},{"@type":"ListItem","position":2,"name":"The surroundings"}]},{"@type":"WebSite","@id":"https:\/\/www.chaletbramberg.nl\/#website","url":"https:\/\/www.chaletbramberg.nl\/","name":"Chalet Bramberg | Een luxe vakantiehuis in Bramberg Oostenrijk","description":"Oostenrijk","potentialAction":[{"@type":"SearchAction","target":{"@type":"EntryPoint","urlTemplate":"https:\/\/www.chaletbramberg.nl\/?s={search_term_string}"},"query-input":{"@type":"PropertyValueSpecification","valueRequired":true,"valueName":"search_term_string"}}],"inLanguage":"en-US"}]}},"_links":{"self":[{"href":"https:\/\/www.chaletbramberg.nl\/en\/wp-json\/wp\/v2\/pages\/568","targetHints":{"allow":["GET"]}}],"collection":[{"href":"https:\/\/www.chaletbramberg.nl\/en\/wp-json\/wp\/v2\/pages"}],"about":[{"href":"https:\/\/www.chaletbramberg.nl\/en\/wp-json\/wp\/v2\/types\/page"}],"author":[{"embeddable":true,"href":"https:\/\/www.chaletbramberg.nl\/en\/wp-json\/wp\/v2\/users\/1"}],"replies":[{"embeddable":true,"href":"https:\/\/www.chaletbramberg.nl\/en\/wp-json\/wp\/v2\/comments?post=568"}],"version-history":[{"count":14,"href":"https:\/\/www.chaletbramberg.nl\/en\/wp-json\/wp\/v2\/pages\/568\/revisions"}],"predecessor-version":[{"id":2013,"href":"https:\/\/www.chaletbramberg.nl\/en\/wp-json\/wp\/v2\/pages\/568\/revisions\/2013"}],"wp:featuredmedia":[{"embeddable":true,"href":"https:\/\/www.chaletbramberg.nl\/en\/wp-json\/wp\/v2\/media\/1039"}],"wp:attachment":[{"href":"https:\/\/www.chaletbramberg.nl\/en\/wp-json\/wp\/v2\/media?parent=568"}],"curies":[{"name":"wp","href":"https:\/\/api.w.org\/{rel}","templated":true}]}}