 {"id":559,"date":"2018-09-11T13:26:36","date_gmt":"2018-09-11T13:26:36","guid":{"rendered":"https:\/\/www.chaletbramberg.nl\/zomervakantie\/"},"modified":"2020-08-25T15:20:16","modified_gmt":"2020-08-25T14:20:16","slug":"sommerurlaub","status":"publish","type":"page","link":"https:\/\/www.chaletbramberg.nl\/de\/sommerurlaub\/","title":{"rendered":"Sommerurlaub"},"content":{"rendered":"<h1>Sommerurlaub<\/h1>\n<h2>Chalet Sch\u00f6ne Aussicht \u2013 garantiert ein sch\u00f6ner Sommer<\/h2>\n<p>Das Chalet bietet einen ph\u00e4nomenalen Blick \u00fcber das Tal und den Nationalpark Hohe Tauern. Ein Schritt aus dem Haus und man kann im Garten herrlich entspannen oder auf einer der vielz\u00e4hligen Routen eine Wanderung machen oder mountainbiken. Unz\u00e4hlige M\u00f6glichkeiten bieten sich f\u00fcr Jung und Alt direkt vor der Haust\u00fcre! Selbst in der Nebensaison, wird es einem in der Region nicht langweilig. <span id=\"result_box\" class=\"\" tabindex=\"-1\" lang=\"de\"><span class=\"\">In den folgenden Abs\u00e4tzen werden einige Aktivit\u00e4ten und Sehensw\u00fcrdigkeiten beschrieben, wobei einige n\u00fctzliche Links (dick gedruckt) zum Text hinzugef\u00fcgt werden.<\/span><\/span><\/p>\n<h2>Hohe Tauern<\/h2>\n<p>Der <a style=\"text-decoration: none; color: #000000;\" href=\"https:\/\/www.nationalpark.at\/\" target=\"_blank\" rel=\"noopener noreferrer\"><strong>Nationalpark Hohe Tauern<\/strong><\/a> erstreckt sich mit einer Fl\u00e4che von fast 1.900km2&nbsp; \u00fcber K\u00e4rnten, Salzburg und Osttirol und ist damit einer der gr\u00f6\u00dften Europas. Das Gebiet ist ca. 120km lang (von Osten nach Westen) und 50km breit (von Norden nach S\u00fcden).<\/p>\n<p>Der Nationalpark bietet viele Superlative: der h\u00f6chste Berg \u00d6sterreich\u2019s (Gro\u00dfglockner, 3789m), der l\u00e4ngste Gletscher der \u00f6stlichen Alpen (Pasterzengletscher) und die h\u00f6chsten Wasserf\u00e4lle Europa\u2019s (Krimmler Wasserf\u00e4lle). Desweiteren umfasst der Nationalpark 266 Berggipfel mit einer H\u00f6he von mindestens 3.000m, 342 Gletscher, fast 300 B\u00e4che, 25 gro\u00dfe Wasserf\u00e4lle und mehr als 500 Bergseen. Im Nationalpark leben mehr als 10.000 Tierarten und mehr als 30% aller in \u00d6sterreich vorkommender Pflanzen lassen sich hier finden. Kurzgefasst, ein traumhaftes Gebiet, um die Natur von allen Seiten genie\u00dfen zu k\u00f6nnen und sich zu erholen.<\/p>\n<p>In Mittersill befindet sich ein Tourismus-Zentrum, wo man alle Informationen bekommen kann, die einen Traumurlaub garantieren. Hier gibt es auch eine kinderfreundliche, interaktieve Austellung mit 360 Grad Panorama. Das <a style=\"text-decoration: none; color: #000000;\" href=\"https:\/\/www.nationalparkzentrum.at\/\" target=\"_blank\" rel=\"noopener noreferrer\"><strong>Besucherzentrum<\/strong><\/a> liegt direkt an der Ortsstra\u00dfe \u2013 nicht zu \u00fcbersehen, wenn man vom Chalet aus nach Mittersill f\u00e4hrt.<\/p>\n<h2>Krimmler Wasserf\u00e4lle<\/h2>\n<p>Einer der H\u00f6hepunkte des Nationalparks Hohe Tauern sind die <a style=\"text-decoration: none; color: #000000;\" href=\"http:\/\/www.wasserfaelle-krimml.at\/\" target=\"_blank\" rel=\"noopener noreferrer\"><strong>Krimmler Wasserf\u00e4lle<\/strong><\/a>, die j\u00e4hrlich mehr als 400.000 Besucher anlocken. Mit einer H\u00f6he von fast 400m sind diese Wasserf\u00e4lle die gr\u00f6\u00dften in Zentraleuropa und die f\u00fcnftgr\u00f6\u00dften der Welt. Der oberste Wasserfall hat eine Fallh\u00f6he von 140m, der mittlere von 100m und der unterste wieder von 140m. Die Wasserf\u00e4lle haben ihren Ursprung im Gletscherbach Krimmler Ache. Dadurch variiert die Wassermenge stark je nach Jahreszeit. Im Juni und Juli flie\u00dfen 20.000 m3 pro Stunde &#8211; im Februar lediglich 500m3. Entlang der Wasserf\u00e4lle f\u00fchrt ein 4km langer Wanderweg, der vom Parkplatz aus in circa 1.5 Stunden nach oben f\u00fchrt.<\/p>\n<h2>Wandern<\/h2>\n<p>Die Umgebung des Chalet\u2019s zeichnet sich aus durch das <a style=\"text-decoration: none; color: #000000;\" href=\"https:\/\/www.wildkogel-arena.at\/de\/sommerurlaub-wandern\" target=\"_blank\" rel=\"noopener noreferrer\"><strong>hervorragende Netzwerk aus Wanderwegen<\/strong><\/a>. Von den Bergstationen in Bramberg, Neukirchen und Hollersbach ist es m\u00f6glich unz\u00e4hlige Wanderrouten zu folgen. Naturliebhaber kommen voll und ganz auf ihre Kosten: gr\u00fcne Almen, grasende K\u00fche und Ziegen, eine fabelhafte Aussicht \u00fcber das Nationalgebiet Hohe Tauern und die Kitzb\u00fcheler Alpen. Die zahlreichen Bergseen, die Alpenlandschaft und die Stille der Natur laden zur Entspannung ein. Auch finden sich verschiedene Themenwanderwegen (manche speziell f\u00fcr Familien mit Kindern), wie zum Beispiel der Smaragdweg im Habachtal und der Geologie-Lehrweg im Untersulzbachtal.<\/p>\n<h2>Mountainbiken &amp; Fahrradfahren<\/h2>\n<p>Rundum Bramberg liegen verschiedene <a style=\"text-decoration: none; color: #000000;\" href=\"https:\/\/www.wildkogel-arena.at\/de\/sommerurlaub-radfahren-mountainbiken\" target=\"_blank\" rel=\"noopener noreferrer\"><strong>Mountainbike Routen<\/strong><\/a> mit einer Gesamtl\u00e4nge von circa 800km. Auch Rennradfahrer kommen auf ihren Geschmack und k\u00f6nnen sich an den zahlreichen Steigungen der umliegenden Berge austoben. Da die Lifts auch zum gr\u00f6\u00dftenteil im Sommer ge\u00f6ffnet sind, nehmen viele Mountainbiker ihre Fahrr\u00e4der mit nach oben, um von einer der Bergstationen aus ihre Tour zu starten. So ist es m\u00f6glich, mit dem Mountainbike zum Chalet zu fahren. Mountainbikes sowie E-Bikes kann man sich bei verschiedenen L\u00e4den f\u00fcr die Dauer des Urlaubs ausleihen.<\/p>\n<h2>Motorradfahren<\/h2>\n<p>F\u00fcr Motorradfahrer eignet sich die Region hervorragend. Nicht f\u00fcr Nichts findet jedes Jahr in Neukirchen am Gro\u00dfvenediger das <a style=\"text-decoration: none; color: #000000;\" href=\"https:\/\/www.newchurch.at\/\" target=\"_blank\" rel=\"noopener noreferrer\"><strong>Motorradfestival \u201eClub of Newchurch\u201c<\/strong><\/a> statt. In 2021 findet dieses vom 20. bis zum 27. Juni statt. Es ist m\u00f6glich im Chalet mehrere Motorr\u00e4der im Skiraum unterzubringen oder unter dem Carport zu parken.<\/p>\n<h2>Schwimmen<\/h2>\n<p>In der Umgebung finden sich viele M\u00f6glichkeiten um zu schwimmen \u2013 in nat\u00fcrlichen Badegew\u00e4ssern, aber auch im Schwimmbad. Unten in M\u00fchlbach befindet sich ein <a style=\"text-decoration: none; color: #000000;\" href=\"https:\/\/www.wildkogel-arena.at\/de\/freischwimmbad-brambergmuehlbach\" target=\"_blank\" rel=\"noopener noreferrer\"><strong>Freibad mit Restaurant<\/strong><\/a>, Spielplatz und Beachvolleyballfeld. Keine 5min mit dem Auto entfernt, kann man sich hier schnell erfrischen oder mit den Kindern das Wetter genie\u00dfen.<br \/>\nIn Hollersbach liegt ein herrlicher See um zu schwimmen. Ein noch etwas gr\u00f6\u00dferer See ist in Uttendorf anzutreffen: Der Erlebnisbadesee Uttendorf\/Wei\u00dfsee bietet auch eine gro\u00dfe Rutsche, Kletterwand, Restaurant, etc. Indoor Schwimmb\u00e4der sind in Mittersill (Hallenbad Kogler) und in Wald (Kristallbad) zu finden.<\/p>\n<h2>Weitere Sehensw\u00fcrdigkeiten und Aktivit\u00e4ten<\/h2>\n<p>In der Umgebung von Chalet Sch\u00f6ne Aussicht finden sich noch viele weitere Sehensw\u00fcrdigkeiten und Aktivit\u00e4ten f\u00fcr Jung und Alt. Das Angebot w\u00e4chst jedes Jahr weiter, da auch die Sommersaison immer mehr an Bedeutung gewinnt.<\/p>\n<p>Hier ein paar weitere M\u00f6glichkeiten:<\/p>\n<ul>\n<li>In der Bramberger Umgebung wurden in der Vergangenheit viele Smaragd- und Mineralsteine gefunden. Vor allem das nahegelegene Habachtaal zieht noch immer Schatzsucher an. Im \u00f6rtlichen Museum von Bramberg kann man sich \u00fcber die Geschichte des Ortes informieren und Smaragdsteine bewundern.<\/li>\n<li>F\u00fcr Wellnessliebhaber ist das Tauernspa in Kaprun ein Muss. Rund 20.000km2 \u201eSpa Wasserwelt\u201c versprechen Entspannung auf h\u00f6chstem Niveau.<\/li>\n<li>Golfer k\u00f6nnen aktiv werden auf dem gepflegten 18-Loch Golfplatz in Mittersill. Gr\u00f6\u00dfere Golfpl\u00e4tze finden sich in Zell am See und in Kitzb\u00fchel.<\/li>\n<\/ul>\n","protected":false},"excerpt":{"rendered":"<p>Sommerurlaub Chalet Sch\u00f6ne Aussicht \u2013 garantiert ein sch\u00f6ner Sommer Das Chalet bietet einen ph\u00e4nomenalen Blick \u00fcber das Tal und den Nationalpark Hohe Tauern. Ein Schritt aus dem Haus und man kann im Garten herrlich entspannen oder auf einer der vielz\u00e4hligen Routen eine Wanderung machen oder mountainbiken. Unz\u00e4hlige M\u00f6glichkeiten bieten sich f\u00fcr Jung und Alt direkt [&hellip;]<\/p>\n","protected":false},"author":1,"featured_media":1010,"parent":0,"menu_order":0,"comment_status":"closed","ping_status":"closed","template":"","meta":{"_acf_changed":false,"footnotes":""},"class_list":["post-559","page","type-page","status-publish","has-post-thumbnail","hentry"],"acf":[],"yoast_head":"<!-- This site is optimized with the Yoast SEO plugin v26.5 - https:\/\/yoast.com\/wordpress\/plugins\/seo\/ -->\n<title>Sommerurlaub - Chalet Bramberg | Een luxe vakantiehuis in Bramberg Oostenrijk<\/title>\n<meta name=\"description\" content=\"Vom Ferienhaus aus direkt Wandern, Fahrradfahren und Mountainbiken mit herrlicher Aussicht auf den Nationalpark Hohe Tauern. Hier ist viel zu erleben!\" \/>\n<meta name=\"robots\" content=\"index, follow, max-snippet:-1, max-image-preview:large, max-video-preview:-1\" \/>\n<link rel=\"canonical\" href=\"https:\/\/www.chaletbramberg.nl\/de\/sommerurlaub\/\" \/>\n<meta property=\"og:locale\" content=\"de_DE\" \/>\n<meta property=\"og:type\" content=\"article\" \/>\n<meta property=\"og:title\" content=\"Sommerurlaub - Chalet Bramberg | Een luxe vakantiehuis in Bramberg Oostenrijk\" \/>\n<meta property=\"og:description\" content=\"Vom Ferienhaus aus direkt Wandern, Fahrradfahren und Mountainbiken mit herrlicher Aussicht auf den Nationalpark Hohe Tauern. Hier ist viel zu erleben!\" \/>\n<meta property=\"og:url\" content=\"https:\/\/www.chaletbramberg.nl\/de\/sommerurlaub\/\" \/>\n<meta property=\"og:site_name\" content=\"Chalet Bramberg | Een luxe vakantiehuis in Bramberg Oostenrijk\" \/>\n<meta property=\"article:modified_time\" content=\"2020-08-25T14:20:16+00:00\" \/>\n<meta property=\"og:image\" content=\"https:\/\/www.chaletbramberg.nl\/wp-content\/uploads\/2018\/10\/Hohe-Tauern-mountainbiken-fietsen.jpg\" \/>\n\t<meta property=\"og:image:width\" content=\"1920\" \/>\n\t<meta property=\"og:image:height\" content=\"600\" \/>\n\t<meta property=\"og:image:type\" content=\"image\/jpeg\" \/>\n<meta name=\"twitter:card\" content=\"summary_large_image\" \/>\n<meta name=\"twitter:label1\" content=\"Gesch\u00e4tzte Lesezeit\" \/>\n\t<meta name=\"twitter:data1\" content=\"4\u00a0Minuten\" \/>\n<script type=\"application\/ld+json\" class=\"yoast-schema-graph\">{\"@context\":\"https:\/\/schema.org\",\"@graph\":[{\"@type\":\"WebPage\",\"@id\":\"https:\/\/www.chaletbramberg.nl\/de\/sommerurlaub\/\",\"url\":\"https:\/\/www.chaletbramberg.nl\/de\/sommerurlaub\/\",\"name\":\"Sommerurlaub - Chalet Bramberg | Een luxe vakantiehuis in Bramberg Oostenrijk\",\"isPartOf\":{\"@id\":\"https:\/\/www.chaletbramberg.nl\/#website\"},\"primaryImageOfPage\":{\"@id\":\"https:\/\/www.chaletbramberg.nl\/de\/sommerurlaub\/#primaryimage\"},\"image\":{\"@id\":\"https:\/\/www.chaletbramberg.nl\/de\/sommerurlaub\/#primaryimage\"},\"thumbnailUrl\":\"https:\/\/www.chaletbramberg.nl\/wp-content\/uploads\/2018\/10\/Hohe-Tauern-mountainbiken-fietsen.jpg\",\"datePublished\":\"2018-09-11T13:26:36+00:00\",\"dateModified\":\"2020-08-25T14:20:16+00:00\",\"description\":\"Vom Ferienhaus aus direkt Wandern, Fahrradfahren und Mountainbiken mit herrlicher Aussicht auf den Nationalpark Hohe Tauern. Hier ist viel zu erleben!\",\"breadcrumb\":{\"@id\":\"https:\/\/www.chaletbramberg.nl\/de\/sommerurlaub\/#breadcrumb\"},\"inLanguage\":\"de\",\"potentialAction\":[{\"@type\":\"ReadAction\",\"target\":[\"https:\/\/www.chaletbramberg.nl\/de\/sommerurlaub\/\"]}]},{\"@type\":\"ImageObject\",\"inLanguage\":\"de\",\"@id\":\"https:\/\/www.chaletbramberg.nl\/de\/sommerurlaub\/#primaryimage\",\"url\":\"https:\/\/www.chaletbramberg.nl\/wp-content\/uploads\/2018\/10\/Hohe-Tauern-mountainbiken-fietsen.jpg\",\"contentUrl\":\"https:\/\/www.chaletbramberg.nl\/wp-content\/uploads\/2018\/10\/Hohe-Tauern-mountainbiken-fietsen.jpg\",\"width\":1920,\"height\":600},{\"@type\":\"BreadcrumbList\",\"@id\":\"https:\/\/www.chaletbramberg.nl\/de\/sommerurlaub\/#breadcrumb\",\"itemListElement\":[{\"@type\":\"ListItem\",\"position\":1,\"name\":\"Home\",\"item\":\"https:\/\/www.chaletbramberg.nl\/de\/\"},{\"@type\":\"ListItem\",\"position\":2,\"name\":\"Sommerurlaub\"}]},{\"@type\":\"WebSite\",\"@id\":\"https:\/\/www.chaletbramberg.nl\/#website\",\"url\":\"https:\/\/www.chaletbramberg.nl\/\",\"name\":\"Chalet Bramberg | Een luxe vakantiehuis in Bramberg Oostenrijk\",\"description\":\"Oostenrijk\",\"potentialAction\":[{\"@type\":\"SearchAction\",\"target\":{\"@type\":\"EntryPoint\",\"urlTemplate\":\"https:\/\/www.chaletbramberg.nl\/?s={search_term_string}\"},\"query-input\":{\"@type\":\"PropertyValueSpecification\",\"valueRequired\":true,\"valueName\":\"search_term_string\"}}],\"inLanguage\":\"de\"}]}<\/script>\n<!-- \/ Yoast SEO plugin. -->","yoast_head_json":{"title":"Sommerurlaub - Chalet Bramberg | Een luxe vakantiehuis in Bramberg Oostenrijk","description":"Vom Ferienhaus aus direkt Wandern, Fahrradfahren und Mountainbiken mit herrlicher Aussicht auf den Nationalpark Hohe Tauern. Hier ist viel zu erleben!","robots":{"index":"index","follow":"follow","max-snippet":"max-snippet:-1","max-image-preview":"max-image-preview:large","max-video-preview":"max-video-preview:-1"},"canonical":"https:\/\/www.chaletbramberg.nl\/de\/sommerurlaub\/","og_locale":"de_DE","og_type":"article","og_title":"Sommerurlaub - Chalet Bramberg | Een luxe vakantiehuis in Bramberg Oostenrijk","og_description":"Vom Ferienhaus aus direkt Wandern, Fahrradfahren und Mountainbiken mit herrlicher Aussicht auf den Nationalpark Hohe Tauern. Hier ist viel zu erleben!","og_url":"https:\/\/www.chaletbramberg.nl\/de\/sommerurlaub\/","og_site_name":"Chalet Bramberg | Een luxe vakantiehuis in Bramberg Oostenrijk","article_modified_time":"2020-08-25T14:20:16+00:00","og_image":[{"width":1920,"height":600,"url":"https:\/\/www.chaletbramberg.nl\/wp-content\/uploads\/2018\/10\/Hohe-Tauern-mountainbiken-fietsen.jpg","type":"image\/jpeg"}],"twitter_card":"summary_large_image","twitter_misc":{"Gesch\u00e4tzte Lesezeit":"4\u00a0Minuten"},"schema":{"@context":"https:\/\/schema.org","@graph":[{"@type":"WebPage","@id":"https:\/\/www.chaletbramberg.nl\/de\/sommerurlaub\/","url":"https:\/\/www.chaletbramberg.nl\/de\/sommerurlaub\/","name":"Sommerurlaub - Chalet Bramberg | Een luxe vakantiehuis in Bramberg Oostenrijk","isPartOf":{"@id":"https:\/\/www.chaletbramberg.nl\/#website"},"primaryImageOfPage":{"@id":"https:\/\/www.chaletbramberg.nl\/de\/sommerurlaub\/#primaryimage"},"image":{"@id":"https:\/\/www.chaletbramberg.nl\/de\/sommerurlaub\/#primaryimage"},"thumbnailUrl":"https:\/\/www.chaletbramberg.nl\/wp-content\/uploads\/2018\/10\/Hohe-Tauern-mountainbiken-fietsen.jpg","datePublished":"2018-09-11T13:26:36+00:00","dateModified":"2020-08-25T14:20:16+00:00","description":"Vom Ferienhaus aus direkt Wandern, Fahrradfahren und Mountainbiken mit herrlicher Aussicht auf den Nationalpark Hohe Tauern. Hier ist viel zu erleben!","breadcrumb":{"@id":"https:\/\/www.chaletbramberg.nl\/de\/sommerurlaub\/#breadcrumb"},"inLanguage":"de","potentialAction":[{"@type":"ReadAction","target":["https:\/\/www.chaletbramberg.nl\/de\/sommerurlaub\/"]}]},{"@type":"ImageObject","inLanguage":"de","@id":"https:\/\/www.chaletbramberg.nl\/de\/sommerurlaub\/#primaryimage","url":"https:\/\/www.chaletbramberg.nl\/wp-content\/uploads\/2018\/10\/Hohe-Tauern-mountainbiken-fietsen.jpg","contentUrl":"https:\/\/www.chaletbramberg.nl\/wp-content\/uploads\/2018\/10\/Hohe-Tauern-mountainbiken-fietsen.jpg","width":1920,"height":600},{"@type":"BreadcrumbList","@id":"https:\/\/www.chaletbramberg.nl\/de\/sommerurlaub\/#breadcrumb","itemListElement":[{"@type":"ListItem","position":1,"name":"Home","item":"https:\/\/www.chaletbramberg.nl\/de\/"},{"@type":"ListItem","position":2,"name":"Sommerurlaub"}]},{"@type":"WebSite","@id":"https:\/\/www.chaletbramberg.nl\/#website","url":"https:\/\/www.chaletbramberg.nl\/","name":"Chalet Bramberg | Een luxe vakantiehuis in Bramberg Oostenrijk","description":"Oostenrijk","potentialAction":[{"@type":"SearchAction","target":{"@type":"EntryPoint","urlTemplate":"https:\/\/www.chaletbramberg.nl\/?s={search_term_string}"},"query-input":{"@type":"PropertyValueSpecification","valueRequired":true,"valueName":"search_term_string"}}],"inLanguage":"de"}]}},"_links":{"self":[{"href":"https:\/\/www.chaletbramberg.nl\/de\/wp-json\/wp\/v2\/pages\/559","targetHints":{"allow":["GET"]}}],"collection":[{"href":"https:\/\/www.chaletbramberg.nl\/de\/wp-json\/wp\/v2\/pages"}],"about":[{"href":"https:\/\/www.chaletbramberg.nl\/de\/wp-json\/wp\/v2\/types\/page"}],"author":[{"embeddable":true,"href":"https:\/\/www.chaletbramberg.nl\/de\/wp-json\/wp\/v2\/users\/1"}],"replies":[{"embeddable":true,"href":"https:\/\/www.chaletbramberg.nl\/de\/wp-json\/wp\/v2\/comments?post=559"}],"version-history":[{"count":26,"href":"https:\/\/www.chaletbramberg.nl\/de\/wp-json\/wp\/v2\/pages\/559\/revisions"}],"predecessor-version":[{"id":2270,"href":"https:\/\/www.chaletbramberg.nl\/de\/wp-json\/wp\/v2\/pages\/559\/revisions\/2270"}],"wp:featuredmedia":[{"embeddable":true,"href":"https:\/\/www.chaletbramberg.nl\/de\/wp-json\/wp\/v2\/media\/1010"}],"wp:attachment":[{"href":"https:\/\/www.chaletbramberg.nl\/de\/wp-json\/wp\/v2\/media?parent=559"}],"curies":[{"name":"wp","href":"https:\/\/api.w.org\/{rel}","templated":true}]}}