 {"id":555,"date":"2018-09-11T13:26:24","date_gmt":"2018-09-11T13:26:24","guid":{"rendered":"https:\/\/www.chaletbramberg.nl\/wintersport\/"},"modified":"2020-08-25T15:14:47","modified_gmt":"2020-08-25T14:14:47","slug":"wintersport","status":"publish","type":"page","link":"https:\/\/www.chaletbramberg.nl\/de\/wintersport\/","title":{"rendered":"Wintersport"},"content":{"rendered":"<h1>Wintersport<\/h1>\n<h2>Die perfekte Ausgangsbasis f\u00fcr eine Woche voll Wintersport<\/h2>\n<p>Das Chalet Sch\u00f6ne Aussicht bietet die ideale Ausgangsbasis zum Skien in den Wintersportgebieten Bramberg-Neukirchen (Wildkogel Arena) und Kitzb\u00fchel-Kirchberg. Zudem f\u00fchrt die Panoramabahn in Hollersbach direkt in die Kitzb\u00fcheler Alpen. Wussten Sie au\u00dferdem, dass oberhalb von Bramberg die l\u00e4ngste beleuchtete Rodelbahn der Welt liegt? Diese l\u00e4d w\u00e4hrend der Wintersaison alle kleinen und gro\u00dfen Abenteurer auf eine rasante Fahrt ein. Desweiteren k\u00f6nnen Langlaufliebhaber von der bekannten Pinzgau Loipe genie\u00dfen, welche auf rund 200km durch das Salzachtal f\u00fchrt.<\/p>\n<h2>Wildkogel Arena<\/h2>\n<p>Die <a style=\"text-decoration: none; color: #000000;\" href=\"https:\/\/www.wildkogel-arena.at\/de\/winterurlaub\" target=\"_blank\" rel=\"noopener noreferrer\"><strong>Wildkogel Arena<\/strong><\/a> ist das bei Bramberg und Neukirchen geh\u00f6rende Skigebiet mit insgesamt 75km an Pisten \u2013 davon sind 35km blau, 30km rot und 10km schwarz. Von Bramberg aus bringt einen die Smaragdbahn in ein paar Minuten auf 2.100m H\u00f6he. Oben angekommen, bietet sich eine fantastische Aussicht auf die umliegenden Dreitausender \u2013 zum Beispiel auf die zwei h\u00f6chsten Gipfel \u00d6sterreichs, den Gro\u00dfglockner und Gro\u00dfvenediger. Nat\u00fcrlich befinden sich in Bramberg auch mehrere Skischulen sowie Ski- und Snowboardverleihe. F\u00fcr den erfolgreichen Tagesabschluss mit Freunde und Familie empfehlen sich die Apr\u00e8s-Ski Bars in der N\u00e4he der Skilifts.<\/p>\n<p>Die Wildkogel Arena ist diese Saison vom 5. bis zum 8. Dezember 2020 ge\u00f6ffnet, sowie vom 11. Dezember 2020 bis zum 11. April 2021. Verschiedene Skip\u00e4sse stehen zur Auswahl: Zuerst der <em>Skipass f\u00fcr die Wildkogel Arena<\/em>, welcher auch Zugang zur <a style=\"text-decoration: none; color: #000000;\" href=\"https:\/\/www.zillertal.at\/\" target=\"_blank\" rel=\"noopener noreferrer\"><strong>Zillertal Arena<\/strong><\/a> mit den bekannten Skiorten K\u00f6nigsleiten, Gerlos und Zell am Ziller bietet. Die <em>Salzburger Super Ski Card<\/em> bietet nicht nur Zugang zu den bereits genannten Skigebieten, sondern auch zu den Skigebieten Kitzb\u00fchel-Kirchberg, Zell am See, Kaprun sowie vielen weiteren. Mit diesem Skipass lassen sich 23 Skigebiete entdecken. Desweiteren bietet sich der mega-Skipass <em>Snowcard Tirol<\/em> f\u00fcr alle an, die mehr als 91 Skigebieten und 4000km Piste unsicher machen m\u00f6chten.<\/p>\n<p>Wer nicht unbedingt Ski- oder Snowboardfahren m\u00f6chte, kann auch so von der herrlichen Natur genie\u00dfen. Seit kurzem sind die Bergstationen Bramberg und Neukirchen durch eine romantische Wanderroute verbunden. Zudem gibt es M\u00f6glichkeiten f\u00fcr Skitourengehen, Schlittschuhlaufen, Snowbiken und Paragliding. Auch eine Schlittenfahrt im Schnee bietet sich an.<\/p>\n<p><a href=\"https:\/\/www.chaletbramberg.nl\/wp-content\/uploads\/2018\/10\/Skikaart-Wildkogel-Arena.jpg\" target=\"_blank\" rel=\"noopener noreferrer\"><img decoding=\"async\" class=\"aligncenter wp-image-1277\" src=\"https:\/\/www.chaletbramberg.nl\/wp-content\/uploads\/2018\/10\/Skikaart-Wildkogel-Arena-700x497.jpg\" alt=\"\" width=\"100%\" height=\"100%\" srcset=\"https:\/\/www.chaletbramberg.nl\/wp-content\/uploads\/2018\/10\/Skikaart-Wildkogel-Arena-700x497.jpg 700w, https:\/\/www.chaletbramberg.nl\/wp-content\/uploads\/2018\/10\/Skikaart-Wildkogel-Arena-250x177.jpg 250w, https:\/\/www.chaletbramberg.nl\/wp-content\/uploads\/2018\/10\/Skikaart-Wildkogel-Arena-768x545.jpg 768w, https:\/\/www.chaletbramberg.nl\/wp-content\/uploads\/2018\/10\/Skikaart-Wildkogel-Arena-120x85.jpg 120w, https:\/\/www.chaletbramberg.nl\/wp-content\/uploads\/2018\/10\/Skikaart-Wildkogel-Arena.jpg 1800w\" sizes=\"(max-width: 700px) 100vw, 700px\" \/><\/a><\/p>\n<h2>Kitzb\u00fchel-Kirchberg<\/h2>\n<p>Keine f\u00fcnf Minuten Autofahrt vom Chalet aus befindet sich die Panoramabahn, welche zum <a style=\"text-decoration: none; color: #000000;\" href=\"https:\/\/www.kitzbueheler-alpen.com\/de\/winter\/wintersport-tirol-oesterreich.html\" target=\"_blank\" rel=\"noopener noreferrer\"><strong>Skigebiet Kitzb\u00fchl-Kirchberg<\/strong><\/a> geh\u00f6rt und in die Kitzb\u00fchler Alpen f\u00fchrt. Das Gebiet umfasst 170km Piste \u2013 72km blau, 74km rot und 24km schwarz. Kitzb\u00fchel ist vor allem f\u00fcr das j\u00e4hrlich stattfindende, <a style=\"text-decoration: none; color: #000000;\" href=\"https:\/\/hahnenkamm.com\/\" target=\"_blank\" rel=\"noopener noreferrer\"><strong>weltber\u00fchmte Hahnenkammrennen<\/strong><\/a> bekannt. Dieser Skiwettbewerb wird schon seit 1931 jedes Jahr rund 22. Januar organisiert \u2013 in 2021 finden die Turniere vom 16. bis 24. Januar statt. Neben Kitzb\u00fchel und Kirchberg, geh\u00f6ren auch noch Pass Thurn, Jochberg, Aurach und Aschau zum Skigebiet. Dieses Jahr ist das Gebiet zug\u00e4nglich vom 24. Oktober 2020 bis zum 2. Mei 2021. Oh ja, und f\u00fcr die, die gut Skien k\u00f6nnen: Bei ausreichend viel Schnee ist es m\u00f6glich vom Skigebiet direkt zum Chalet zur\u00fcck zu skien. Viel Erfolg!<\/p>\n<p><a href=\"https:\/\/www.chaletbramberg.nl\/wp-content\/uploads\/2018\/10\/Skikaart-Kitzbuehel-Kirchberg.jpg\" target=\"_blank\" rel=\"noopener noreferrer\"><img decoding=\"async\" class=\"aligncenter wp-image-1280 size-full\" src=\"https:\/\/www.chaletbramberg.nl\/wp-content\/uploads\/2018\/10\/Skikaart-Kitzbuehel-Kirchberg.jpg\" alt=\"\" width=\"100%\" height=\"100%\" srcset=\"https:\/\/www.chaletbramberg.nl\/wp-content\/uploads\/2018\/10\/Skikaart-Kitzbuehel-Kirchberg.jpg 1800w, https:\/\/www.chaletbramberg.nl\/wp-content\/uploads\/2018\/10\/Skikaart-Kitzbuehel-Kirchberg-250x177.jpg 250w, https:\/\/www.chaletbramberg.nl\/wp-content\/uploads\/2018\/10\/Skikaart-Kitzbuehel-Kirchberg-768x545.jpg 768w, https:\/\/www.chaletbramberg.nl\/wp-content\/uploads\/2018\/10\/Skikaart-Kitzbuehel-Kirchberg-700x497.jpg 700w, https:\/\/www.chaletbramberg.nl\/wp-content\/uploads\/2018\/10\/Skikaart-Kitzbuehel-Kirchberg-120x85.jpg 120w\" sizes=\"(max-width: 1800px) 100vw, 1800px\" \/><\/a><\/p>\n","protected":false},"excerpt":{"rendered":"<p>Wintersport Die perfekte Ausgangsbasis f\u00fcr eine Woche voll Wintersport Das Chalet Sch\u00f6ne Aussicht bietet die ideale Ausgangsbasis zum Skien in den Wintersportgebieten Bramberg-Neukirchen (Wildkogel Arena) und Kitzb\u00fchel-Kirchberg. Zudem f\u00fchrt die Panoramabahn in Hollersbach direkt in die Kitzb\u00fcheler Alpen. Wussten Sie au\u00dferdem, dass oberhalb von Bramberg die l\u00e4ngste beleuchtete Rodelbahn der Welt liegt? Diese l\u00e4d w\u00e4hrend [&hellip;]<\/p>\n","protected":false},"author":1,"featured_media":1028,"parent":0,"menu_order":0,"comment_status":"closed","ping_status":"closed","template":"","meta":{"_acf_changed":false,"footnotes":""},"class_list":["post-555","page","type-page","status-publish","has-post-thumbnail","hentry"],"acf":[],"yoast_head":"<!-- This site is optimized with the Yoast SEO plugin v26.5 - https:\/\/yoast.com\/wordpress\/plugins\/seo\/ -->\n<title>Wintersport - Chalet Bramberg | Een luxe vakantiehuis in Bramberg Oostenrijk<\/title>\n<meta name=\"description\" content=\"Eine Woche Wintersport im Skigebiet Bramberg-Neukirchen (Wildkogel Arena) oder Kitzb\u00fchel-Kirchberg. Alles m\u00f6glich im Ferienhaus \u201eChalet Sch\u00f6ne Aussicht\u201c!\" \/>\n<meta name=\"robots\" content=\"index, follow, max-snippet:-1, max-image-preview:large, max-video-preview:-1\" \/>\n<link rel=\"canonical\" href=\"https:\/\/www.chaletbramberg.nl\/de\/wintersport\/\" \/>\n<meta property=\"og:locale\" content=\"de_DE\" \/>\n<meta property=\"og:type\" content=\"article\" \/>\n<meta property=\"og:title\" content=\"Wintersport - Chalet Bramberg | Een luxe vakantiehuis in Bramberg Oostenrijk\" \/>\n<meta property=\"og:description\" content=\"Eine Woche Wintersport im Skigebiet Bramberg-Neukirchen (Wildkogel Arena) oder Kitzb\u00fchel-Kirchberg. Alles m\u00f6glich im Ferienhaus \u201eChalet Sch\u00f6ne Aussicht\u201c!\" \/>\n<meta property=\"og:url\" content=\"https:\/\/www.chaletbramberg.nl\/de\/wintersport\/\" \/>\n<meta property=\"og:site_name\" content=\"Chalet Bramberg | Een luxe vakantiehuis in Bramberg Oostenrijk\" \/>\n<meta property=\"article:modified_time\" content=\"2020-08-25T14:14:47+00:00\" \/>\n<meta property=\"og:image\" content=\"https:\/\/www.chaletbramberg.nl\/wp-content\/uploads\/2018\/10\/Ski\u00ebn-Alpen-Salzburgerland-2.jpg\" \/>\n\t<meta property=\"og:image:width\" content=\"1920\" \/>\n\t<meta property=\"og:image:height\" content=\"600\" \/>\n\t<meta property=\"og:image:type\" content=\"image\/jpeg\" \/>\n<meta name=\"twitter:card\" content=\"summary_large_image\" \/>\n<meta name=\"twitter:label1\" content=\"Gesch\u00e4tzte Lesezeit\" \/>\n\t<meta name=\"twitter:data1\" content=\"2\u00a0Minuten\" \/>\n<script type=\"application\/ld+json\" class=\"yoast-schema-graph\">{\"@context\":\"https:\/\/schema.org\",\"@graph\":[{\"@type\":\"WebPage\",\"@id\":\"https:\/\/www.chaletbramberg.nl\/de\/wintersport\/\",\"url\":\"https:\/\/www.chaletbramberg.nl\/de\/wintersport\/\",\"name\":\"Wintersport - Chalet Bramberg | Een luxe vakantiehuis in Bramberg Oostenrijk\",\"isPartOf\":{\"@id\":\"https:\/\/www.chaletbramberg.nl\/#website\"},\"primaryImageOfPage\":{\"@id\":\"https:\/\/www.chaletbramberg.nl\/de\/wintersport\/#primaryimage\"},\"image\":{\"@id\":\"https:\/\/www.chaletbramberg.nl\/de\/wintersport\/#primaryimage\"},\"thumbnailUrl\":\"https:\/\/www.chaletbramberg.nl\/wp-content\/uploads\/2018\/10\/Ski\u00ebn-Alpen-Salzburgerland-2.jpg\",\"datePublished\":\"2018-09-11T13:26:24+00:00\",\"dateModified\":\"2020-08-25T14:14:47+00:00\",\"description\":\"Eine Woche Wintersport im Skigebiet Bramberg-Neukirchen (Wildkogel Arena) oder Kitzb\u00fchel-Kirchberg. Alles m\u00f6glich im Ferienhaus \u201eChalet Sch\u00f6ne Aussicht\u201c!\",\"breadcrumb\":{\"@id\":\"https:\/\/www.chaletbramberg.nl\/de\/wintersport\/#breadcrumb\"},\"inLanguage\":\"de\",\"potentialAction\":[{\"@type\":\"ReadAction\",\"target\":[\"https:\/\/www.chaletbramberg.nl\/de\/wintersport\/\"]}]},{\"@type\":\"ImageObject\",\"inLanguage\":\"de\",\"@id\":\"https:\/\/www.chaletbramberg.nl\/de\/wintersport\/#primaryimage\",\"url\":\"https:\/\/www.chaletbramberg.nl\/wp-content\/uploads\/2018\/10\/Ski\u00ebn-Alpen-Salzburgerland-2.jpg\",\"contentUrl\":\"https:\/\/www.chaletbramberg.nl\/wp-content\/uploads\/2018\/10\/Ski\u00ebn-Alpen-Salzburgerland-2.jpg\",\"width\":1920,\"height\":600},{\"@type\":\"BreadcrumbList\",\"@id\":\"https:\/\/www.chaletbramberg.nl\/de\/wintersport\/#breadcrumb\",\"itemListElement\":[{\"@type\":\"ListItem\",\"position\":1,\"name\":\"Home\",\"item\":\"https:\/\/www.chaletbramberg.nl\/de\/\"},{\"@type\":\"ListItem\",\"position\":2,\"name\":\"Wintersport\"}]},{\"@type\":\"WebSite\",\"@id\":\"https:\/\/www.chaletbramberg.nl\/#website\",\"url\":\"https:\/\/www.chaletbramberg.nl\/\",\"name\":\"Chalet Bramberg | Een luxe vakantiehuis in Bramberg Oostenrijk\",\"description\":\"Oostenrijk\",\"potentialAction\":[{\"@type\":\"SearchAction\",\"target\":{\"@type\":\"EntryPoint\",\"urlTemplate\":\"https:\/\/www.chaletbramberg.nl\/?s={search_term_string}\"},\"query-input\":{\"@type\":\"PropertyValueSpecification\",\"valueRequired\":true,\"valueName\":\"search_term_string\"}}],\"inLanguage\":\"de\"}]}<\/script>\n<!-- \/ Yoast SEO plugin. -->","yoast_head_json":{"title":"Wintersport - Chalet Bramberg | Een luxe vakantiehuis in Bramberg Oostenrijk","description":"Eine Woche Wintersport im Skigebiet Bramberg-Neukirchen (Wildkogel Arena) oder Kitzb\u00fchel-Kirchberg. Alles m\u00f6glich im Ferienhaus \u201eChalet Sch\u00f6ne Aussicht\u201c!","robots":{"index":"index","follow":"follow","max-snippet":"max-snippet:-1","max-image-preview":"max-image-preview:large","max-video-preview":"max-video-preview:-1"},"canonical":"https:\/\/www.chaletbramberg.nl\/de\/wintersport\/","og_locale":"de_DE","og_type":"article","og_title":"Wintersport - Chalet Bramberg | Een luxe vakantiehuis in Bramberg Oostenrijk","og_description":"Eine Woche Wintersport im Skigebiet Bramberg-Neukirchen (Wildkogel Arena) oder Kitzb\u00fchel-Kirchberg. Alles m\u00f6glich im Ferienhaus \u201eChalet Sch\u00f6ne Aussicht\u201c!","og_url":"https:\/\/www.chaletbramberg.nl\/de\/wintersport\/","og_site_name":"Chalet Bramberg | Een luxe vakantiehuis in Bramberg Oostenrijk","article_modified_time":"2020-08-25T14:14:47+00:00","og_image":[{"width":1920,"height":600,"url":"https:\/\/www.chaletbramberg.nl\/wp-content\/uploads\/2018\/10\/Ski\u00ebn-Alpen-Salzburgerland-2.jpg","type":"image\/jpeg"}],"twitter_card":"summary_large_image","twitter_misc":{"Gesch\u00e4tzte Lesezeit":"2\u00a0Minuten"},"schema":{"@context":"https:\/\/schema.org","@graph":[{"@type":"WebPage","@id":"https:\/\/www.chaletbramberg.nl\/de\/wintersport\/","url":"https:\/\/www.chaletbramberg.nl\/de\/wintersport\/","name":"Wintersport - Chalet Bramberg | Een luxe vakantiehuis in Bramberg Oostenrijk","isPartOf":{"@id":"https:\/\/www.chaletbramberg.nl\/#website"},"primaryImageOfPage":{"@id":"https:\/\/www.chaletbramberg.nl\/de\/wintersport\/#primaryimage"},"image":{"@id":"https:\/\/www.chaletbramberg.nl\/de\/wintersport\/#primaryimage"},"thumbnailUrl":"https:\/\/www.chaletbramberg.nl\/wp-content\/uploads\/2018\/10\/Ski\u00ebn-Alpen-Salzburgerland-2.jpg","datePublished":"2018-09-11T13:26:24+00:00","dateModified":"2020-08-25T14:14:47+00:00","description":"Eine Woche Wintersport im Skigebiet Bramberg-Neukirchen (Wildkogel Arena) oder Kitzb\u00fchel-Kirchberg. Alles m\u00f6glich im Ferienhaus \u201eChalet Sch\u00f6ne Aussicht\u201c!","breadcrumb":{"@id":"https:\/\/www.chaletbramberg.nl\/de\/wintersport\/#breadcrumb"},"inLanguage":"de","potentialAction":[{"@type":"ReadAction","target":["https:\/\/www.chaletbramberg.nl\/de\/wintersport\/"]}]},{"@type":"ImageObject","inLanguage":"de","@id":"https:\/\/www.chaletbramberg.nl\/de\/wintersport\/#primaryimage","url":"https:\/\/www.chaletbramberg.nl\/wp-content\/uploads\/2018\/10\/Ski\u00ebn-Alpen-Salzburgerland-2.jpg","contentUrl":"https:\/\/www.chaletbramberg.nl\/wp-content\/uploads\/2018\/10\/Ski\u00ebn-Alpen-Salzburgerland-2.jpg","width":1920,"height":600},{"@type":"BreadcrumbList","@id":"https:\/\/www.chaletbramberg.nl\/de\/wintersport\/#breadcrumb","itemListElement":[{"@type":"ListItem","position":1,"name":"Home","item":"https:\/\/www.chaletbramberg.nl\/de\/"},{"@type":"ListItem","position":2,"name":"Wintersport"}]},{"@type":"WebSite","@id":"https:\/\/www.chaletbramberg.nl\/#website","url":"https:\/\/www.chaletbramberg.nl\/","name":"Chalet Bramberg | Een luxe vakantiehuis in Bramberg Oostenrijk","description":"Oostenrijk","potentialAction":[{"@type":"SearchAction","target":{"@type":"EntryPoint","urlTemplate":"https:\/\/www.chaletbramberg.nl\/?s={search_term_string}"},"query-input":{"@type":"PropertyValueSpecification","valueRequired":true,"valueName":"search_term_string"}}],"inLanguage":"de"}]}},"_links":{"self":[{"href":"https:\/\/www.chaletbramberg.nl\/de\/wp-json\/wp\/v2\/pages\/555","targetHints":{"allow":["GET"]}}],"collection":[{"href":"https:\/\/www.chaletbramberg.nl\/de\/wp-json\/wp\/v2\/pages"}],"about":[{"href":"https:\/\/www.chaletbramberg.nl\/de\/wp-json\/wp\/v2\/types\/page"}],"author":[{"embeddable":true,"href":"https:\/\/www.chaletbramberg.nl\/de\/wp-json\/wp\/v2\/users\/1"}],"replies":[{"embeddable":true,"href":"https:\/\/www.chaletbramberg.nl\/de\/wp-json\/wp\/v2\/comments?post=555"}],"version-history":[{"count":37,"href":"https:\/\/www.chaletbramberg.nl\/de\/wp-json\/wp\/v2\/pages\/555\/revisions"}],"predecessor-version":[{"id":2051,"href":"https:\/\/www.chaletbramberg.nl\/de\/wp-json\/wp\/v2\/pages\/555\/revisions\/2051"}],"wp:featuredmedia":[{"embeddable":true,"href":"https:\/\/www.chaletbramberg.nl\/de\/wp-json\/wp\/v2\/media\/1028"}],"wp:attachment":[{"href":"https:\/\/www.chaletbramberg.nl\/de\/wp-json\/wp\/v2\/media?parent=555"}],"curies":[{"name":"wp","href":"https:\/\/api.w.org\/{rel}","templated":true}]}}