 {"id":550,"date":"2018-10-03T07:46:13","date_gmt":"2018-10-03T07:46:13","guid":{"rendered":"https:\/\/www.chaletbramberg.nl\/?page_id=550"},"modified":"2020-08-26T08:36:29","modified_gmt":"2020-08-26T07:36:29","slug":"bewertungen","status":"publish","type":"page","link":"https:\/\/www.chaletbramberg.nl\/de\/bewertungen\/","title":{"rendered":"Bewertungen"},"content":{"rendered":"<h1>Bewertungen<\/h1>\n<p>Das Chalet Sch\u00f6ne Aussicht wurde vom Privatvermieter Verband Salzburg mit 4 Edelwei\u00df ausgezeichnet. Vier Edelwei\u00df ist nur einer begrenzten Anzahl von Unterk\u00fcnften zugeordnet:<\/p>\n<p><a href=\"https:\/\/www.chaletbramberg.nl\/wp-content\/uploads\/2020\/08\/AlpineGastgeber_logo-4-sterren2048x1536px.jpg\"><img loading=\"lazy\" decoding=\"async\" class=\"wp-image-2063  alignright\" src=\"https:\/\/www.chaletbramberg.nl\/wp-content\/uploads\/2020\/08\/AlpineGastgeber_logo-4-sterren2048x1536px-250x269.jpg\" alt=\"\" width=\"112\" height=\"121\" srcset=\"https:\/\/www.chaletbramberg.nl\/wp-content\/uploads\/2020\/08\/AlpineGastgeber_logo-4-sterren2048x1536px-250x269.jpg 250w, https:\/\/www.chaletbramberg.nl\/wp-content\/uploads\/2020\/08\/AlpineGastgeber_logo-4-sterren2048x1536px-700x753.jpg 700w, https:\/\/www.chaletbramberg.nl\/wp-content\/uploads\/2020\/08\/AlpineGastgeber_logo-4-sterren2048x1536px-768x826.jpg 768w, https:\/\/www.chaletbramberg.nl\/wp-content\/uploads\/2020\/08\/AlpineGastgeber_logo-4-sterren2048x1536px-120x129.jpg 120w, https:\/\/www.chaletbramberg.nl\/wp-content\/uploads\/2020\/08\/AlpineGastgeber_logo-4-sterren2048x1536px.jpg 1210w\" sizes=\"auto, (max-width: 112px) 100vw, 112px\" \/><\/a><\/p>\n<p><em>\u201eNur f\u00fcr erstklassige Betriebe vorgesehen. Garantiert geschmackvolle und sehr komfortable TOP-Ausstattung. Helle, harmonische und freundliche Unterk\u00fcnfte mit besonderem Flair f\u00fcr gehobene Wohnanspr\u00fcche. Hochwertige M\u00f6bel und Bodenbel\u00e4ge &#8211; neuwertig und makellos.\u201d<\/em><\/p>\n<p>Und darauf bin ich nat\u00fcrlich sehr stolz. Wichtiger f\u00fcr mich ist jedoch das Urteil meiner G\u00e4ste. Hier ein paar der Bewertungen meiner G\u00e4ste, die bereits ihre Ferien im Chalet Sch\u00f6ne Aussicht verbracht haben.<\/p>\n<style>.checked {color: #fac23c;}<\/style>\n<p>&nbsp;<br \/>\nFam. Van den Bergh (NL), August 2020 &nbsp; <span class=\"fa fa-star checked\"><\/span><span class=\"fa fa-star checked\"><\/span><span class=\"fa fa-star checked\"><\/span><span class=\"fa fa-star checked\"><\/span><i class=\"fa fa-star-half-full\" style=\"color:#fac23c\"><\/i><\/p>\n<p><em>\u201c Het chalet is een heel fijn verblijf voor de vakantie. We hebben meerdere keren heerlijk buiten gegeten en gebruik gemaakt van de bbq. Meerdere keren hebben we ook de spelletjes die in de kast stonden gebruikt en (dat met gebruik van de sonos) muziek op de achtergrond. Top waren de bedden, we hebben heerlijk geslapen en onze jongste wilde zelfs het bed meenemen naar huis \ud83d\ude09 We zouden zo weer voor dit huis kiezen. We hebben lang nog niet alles in de omgeving gezien. \u201c<\/em><\/p>\n<p>&nbsp;<br \/>\nFam. Zorge (NL), Juli 2020 &nbsp; <span class=\"fa fa-star checked\"><\/span><span class=\"fa fa-star checked\"><\/span><span class=\"fa fa-star checked\"><\/span><span class=\"fa fa-star checked\"><\/span><\/p>\n<p><em>\u201c Een heerlijk huis, kids hadden hun eigen benedenverdieping, vonden ze echt heel leuk. Fijne TV, snel een filmpje kijken. Onwijs mooi uitzicht!! Een schaduw terras onder de appelbomen en een zonnig terras beneden. Top. \u201c<\/em><\/p>\n<p>&nbsp;<br \/>\nFam. Wilbrink (NL), Februar 2020 &nbsp; <span class=\"fa fa-star checked\"><\/span><span class=\"fa fa-star checked\"><\/span><span class=\"fa fa-star checked\"><\/span><span class=\"fa fa-star checked\"><\/span><i class=\"fa fa-star-half-full\" style=\"color:#fac23c\"><\/i><\/p>\n<p><em>\u201c Een mooi compleet chalet voor een groot gezin. Prettig dat de woonkamer en de eetkamer gescheiden zijn van elkaar. Ook heeft het chalet een mooi ruime skiruimte en de afstand naar de skilift is met de auto goed te doen. Wij hebben een super week gehad in jouw chalet! \u201c<\/em><\/p>\n<p>&nbsp;<br \/>\nFam. Franke (DE), Dezember 2019 &nbsp; <span class=\"fa fa-star checked\"><\/span><span class=\"fa fa-star checked\"><\/span><span class=\"fa fa-star checked\"><\/span><span class=\"fa fa-star checked\"><\/span><i class=\"fa fa-star-half-full\" style=\"color:#fac23c\"><\/i><\/p>\n<p><em>\u201c Das Haus hat uns extrem gut gefallen. Vor allem die Ausstattung der K\u00fcche hat uns sehr beeindruckt.  Die R\u00e4umlichkeiten sehr angenehm. Die 3 Duschen waren f\u00fcr unsere Gruppengr\u00f6\u00dfe perfekt. Das Haus war durch liebevolle Details insgesamt sehr angenehm (z. B. Spiele f\u00fcr Kinder und Erwachsene). \u201c<\/em><\/p>\n<p>&nbsp;<br \/>\nFrau Pras (NL), August 2019 &nbsp; <span class=\"fa fa-star checked\"><\/span><span class=\"fa fa-star checked\"><\/span><span class=\"fa fa-star checked\"><\/span><span class=\"fa fa-star checked\"><\/span><span class=\"fa fa-star checked\"><\/span><\/p>\n<p><em>\u201c Een heel fijn huis met een prachtig uitzicht over het dal waar we met z&#8217;n twee\u00ebn drie weken van hebben genoten. Het is een comfortabel en compleet huis in een mooie omgeving waar veel te doen is, maar het is ook prettig om in de tuin te genieten van het uitzicht. \u201c<\/em><\/p>\n<p>&nbsp;<br \/>\nFam. Neinders (NL), August 2019 &nbsp; <span class=\"fa fa-star checked\"><\/span><span class=\"fa fa-star checked\"><\/span><span class=\"fa fa-star checked\"><\/span><span class=\"fa fa-star checked\"><\/span><\/p>\n<p><em>\u201c We hebben een hele leuke vakantieweek in jullie chalet gehad. Chalet heeft mooie ligging op de helling met een fantastisch uitzicht. Woning is van alle gemakken voorzien. Verder is Wildkogel arena een mooi gebied met veel mogelijkheden voor actieve vakantie en dichtbij. Je hoeft niet ver te rijden om leuke uitstapjes te kunnen doen. \u201c<\/em><\/p>\n<p>&nbsp;<br \/>\nFam. Schalk (NL), Juli 2019 &nbsp; <span class=\"fa fa-star checked\"><\/span><span class=\"fa fa-star checked\"><\/span><span class=\"fa fa-star checked\"><\/span><span class=\"fa fa-star checked\"><\/span><i class=\"fa fa-star checked\" style=\"color:#fac23c\"><\/i><\/p>\n<p><em>\u201c Een prachtig chalet, van alle gemakken voorzien. Een fijne ligging waardoor er veel wandelmogelijkheden in de buurt zijn. \u201c<\/em><\/p>\n<p>&nbsp;<br \/>\nFam. Gaack (DE), M\u00e4rz 2019 &nbsp; <span class=\"fa fa-star checked\"><\/span><span class=\"fa fa-star checked\"><\/span><span class=\"fa fa-star checked\"><\/span><span class=\"fa fa-star checked\"><\/span><i class=\"fa fa-star-half-full\" style=\"color:#fac23c\"><\/i><\/p>\n<p><em>\u201c Durch die Raumaufteilung hatten wir gen\u00fcgend Platz f\u00fcr unsere Spiele- und Lesefreunde. Das Essen mit allen am gro\u00dfen Tisch neben der K\u00fcche war sehr angenehm. Die Wege zum Skilift sind mit dem PKW schnell zu bew\u00e4ltigen. Der B\u00e4cker im Ort ist morgens fussl\u00e4ufig zu erreichen. In dem tollen Skiraum trockneten unsere Ski-Stiefel \u00fcber Nacht. Mit 4 PKW ist der Parkplatz vor dem Haus ausgereizt. Es war trotz des nicht hervorragenden Wetters ein sch\u00f6ner Aufenthalt. \u201c<\/em><\/p>\n<p>&nbsp;<br \/>\nFam. Berthold (DE), Februar 2019 &nbsp; <span class=\"fa fa-star checked\"><\/span><span class=\"fa fa-star checked\"><\/span><span class=\"fa fa-star checked\"><\/span><i class=\"fa fa-star-half-full\" style=\"color:#fac23c\"><\/i><\/p>\n<p><em>\u201c Sch\u00f6nes Ferienhaus in super Lage, 3 interessante Skigebiete in Umgebung verf\u00fcgbar, kompetente, freundliche und schnelle Kommunikation mit Vermieter. Danke! \u201c<\/em><\/p>\n<p>&nbsp;<br \/>\nFam. De Jong (NL), Februar 2019 &nbsp; <span class=\"fa fa-star checked\"><\/span><span class=\"fa fa-star checked\"><\/span><span class=\"fa fa-star checked\"><\/span><span class=\"fa fa-star checked\"><\/span><span class=\"fa fa-star checked\"><\/span><\/p>\n<p><em>\u201c Chalet sch\u00f6ne Aussicht is een heerlijk huis op een schitterende maar ook rustige locatie. Het uitzicht is echt super. Er zijn voldoende restaurantjes in de omgeving. Het skigebied is voor toerskie\u00ebrs wat klein maar voor gezinnen is het erg leuk! Je hebt wel echt een auto nodig! \u201c<\/em><\/p>\n<p>&nbsp;<br \/>\nHerr Kok (NL), Februar 2019 &nbsp; <span class=\"fa fa-star checked\"><\/span><span class=\"fa fa-star checked\"><\/span><span class=\"fa fa-star checked\"><\/span><span class=\"fa fa-star checked\"><\/span><span class=\"fa fa-star checked\"><\/span><\/p>\n<p><em>\u201c Het huis zag er netjes, verzorgd en compleet uit. We hebben gezien dat je er met veel aandacht aan hebt verbouwd. Ook was de uitrusting in de keuken compleet en hebben we genoten van de heerlijke badkamers. Het was bovendien fijn dat de mogelijkheid tot wassen er was (zelfs wasmiddel aanwezig!)<br \/>\nWe hebben zowel binnen als buiten een mooie tijd gehad, mede door de mooie locatie vlak bij de liften van Bramberg. Kortom, een weekje erg genoten. Voor herhaling vatbaar! \u201c<\/em><\/p>\n<p>&nbsp;<br \/>\nFam. Van Schaik (NL), Dezember 2018 &nbsp; <span class=\"fa fa-star checked\"><\/span><span class=\"fa fa-star checked\"><\/span><span class=\"fa fa-star checked\"><\/span><span class=\"fa fa-star checked\"><\/span><span class=\"fa fa-star checked\"><\/span><\/p>\n<p><em>\u201c Supermooi uitzicht, fijn huis met een goede indeling en het verwarmde skiraum is helemaal top! \u201c<\/em><\/p>\n<p>&nbsp;<br \/>\nFam. De Groot (NL), August 2018 &nbsp; <span class=\"fa fa-star checked\"><\/span><span class=\"fa fa-star checked\"><\/span><span class=\"fa fa-star checked\"><\/span><span class=\"fa fa-star checked\"><\/span><i class=\"fa fa-star-half-full\" style=\"color:#fac23c\"><\/i><\/p>\n<p><em>\u201c Een heerlijke vakantie doorgebracht in deze fraai gerenoveerde vakantiewoning, op de zuidhelling van de berg, met een prachtig ver uitzicht. Binnen van alle gemakken voorzien en buiten zowel een balkon als een tuin. Verder is in de omgeving van alles te beleven en zijn er (ski)liften binnen een paar kilometer afstand. Met deze liften kun je ook in de zomer omhoog, ideaal voor ons als wandelaars. \u201c<\/em><\/p>\n<p>&nbsp;<br \/>\nFam. De Wit (NL), Juli 2018 &nbsp; <span class=\"fa fa-star checked\"><\/span><span class=\"fa fa-star checked\"><\/span><span class=\"fa fa-star checked\"><\/span><span class=\"fa fa-star checked\"><\/span><\/p>\n<p><em>\u201c Onze&nbsp;bevindingen en ervaringen zijn zeker positief. Je hebt het huis voorzien van alle gemakken,&nbsp;de keuken is zeer compleet en van prima kwaliteit. De locatie is volgens mij ook goed gekozen,&nbsp;zowel verhuur in de winter, als in de zomer. Volop&nbsp;aantrekkelijke faciliteiten in zowel zomer als winter. \u201d<\/em><\/p>\n<p>&nbsp;<br \/>\nFam. Geurts (NL), Mai 2018 &nbsp; <span class=\"fa fa-star checked\"><\/span><span class=\"fa fa-star checked\"><\/span><span class=\"fa fa-star checked\"><\/span><span class=\"fa fa-star checked\"><\/span><span class=\"fa fa-star checked\"><\/span><\/p>\n<p><em>\u201c We hebben een heerlijke vakantie gehad in een schitterende omgeving. Het ruime huis staat op een geweldige locatie. Halverwege de berg met dus een schitterend uitzicht op het dal en op de bergen in de omgeving. Het huis is mooi en vooral ook erg praktisch ingericht. De keuken is van alle gemakken voorzien. In de omgeving is van alles te doen, al houd je van sportieve activiteiten, culturele of met de kids er lekker op uit, het kan allemaal. Al met al genoten van een topweek! \u201d<\/em><br \/>\n&nbsp;<\/p>\n","protected":false},"excerpt":{"rendered":"<p>Bewertungen Das Chalet Sch\u00f6ne Aussicht wurde vom Privatvermieter Verband Salzburg mit 4 Edelwei\u00df ausgezeichnet. Vier Edelwei\u00df ist nur einer begrenzten Anzahl von Unterk\u00fcnften zugeordnet: \u201eNur f\u00fcr erstklassige Betriebe vorgesehen. Garantiert geschmackvolle und sehr komfortable TOP-Ausstattung. Helle, harmonische und freundliche Unterk\u00fcnfte mit besonderem Flair f\u00fcr gehobene Wohnanspr\u00fcche. Hochwertige M\u00f6bel und Bodenbel\u00e4ge &#8211; neuwertig und makellos.\u201d Und [&hellip;]<\/p>\n","protected":false},"author":1,"featured_media":419,"parent":0,"menu_order":0,"comment_status":"closed","ping_status":"closed","template":"quotes.php","meta":{"_acf_changed":false,"footnotes":""},"class_list":["post-550","page","type-page","status-publish","has-post-thumbnail","hentry"],"acf":[],"yoast_head":"<!-- This site is optimized with the Yoast SEO plugin v26.5 - https:\/\/yoast.com\/wordpress\/plugins\/seo\/ -->\n<title>Bewertungen - Chalet Bramberg | Een luxe vakantiehuis in Bramberg Oostenrijk<\/title>\n<meta name=\"description\" content=\"Herrlicher Urlaub in dieser k\u00fcrzlich renovierten Ferienwohnung mit grandioser Aussicht! Die Unterkunft ist bestens ausgestattet.\" \/>\n<meta name=\"robots\" content=\"index, follow, max-snippet:-1, max-image-preview:large, max-video-preview:-1\" \/>\n<link rel=\"canonical\" href=\"https:\/\/www.chaletbramberg.nl\/de\/bewertungen\/\" \/>\n<meta property=\"og:locale\" content=\"de_DE\" \/>\n<meta property=\"og:type\" content=\"article\" \/>\n<meta property=\"og:title\" content=\"Bewertungen - Chalet Bramberg | Een luxe vakantiehuis in Bramberg Oostenrijk\" \/>\n<meta property=\"og:description\" content=\"Herrlicher Urlaub in dieser k\u00fcrzlich renovierten Ferienwohnung mit grandioser Aussicht! Die Unterkunft ist bestens ausgestattet.\" \/>\n<meta property=\"og:url\" content=\"https:\/\/www.chaletbramberg.nl\/de\/bewertungen\/\" \/>\n<meta property=\"og:site_name\" content=\"Chalet Bramberg | Een luxe vakantiehuis in Bramberg Oostenrijk\" \/>\n<meta property=\"article:modified_time\" content=\"2020-08-26T07:36:29+00:00\" \/>\n<meta property=\"og:image\" content=\"https:\/\/www.chaletbramberg.nl\/wp-content\/uploads\/2018\/09\/uitzicht-winter-bramberg-neukirchen.jpg\" \/>\n\t<meta property=\"og:image:width\" content=\"1920\" \/>\n\t<meta property=\"og:image:height\" content=\"600\" \/>\n\t<meta property=\"og:image:type\" content=\"image\/jpeg\" \/>\n<meta name=\"twitter:card\" content=\"summary_large_image\" \/>\n<meta name=\"twitter:label1\" content=\"Gesch\u00e4tzte Lesezeit\" \/>\n\t<meta name=\"twitter:data1\" content=\"5\u00a0Minuten\" \/>\n<script type=\"application\/ld+json\" class=\"yoast-schema-graph\">{\"@context\":\"https:\/\/schema.org\",\"@graph\":[{\"@type\":\"WebPage\",\"@id\":\"https:\/\/www.chaletbramberg.nl\/de\/bewertungen\/\",\"url\":\"https:\/\/www.chaletbramberg.nl\/de\/bewertungen\/\",\"name\":\"Bewertungen - Chalet Bramberg | Een luxe vakantiehuis in Bramberg Oostenrijk\",\"isPartOf\":{\"@id\":\"https:\/\/www.chaletbramberg.nl\/#website\"},\"primaryImageOfPage\":{\"@id\":\"https:\/\/www.chaletbramberg.nl\/de\/bewertungen\/#primaryimage\"},\"image\":{\"@id\":\"https:\/\/www.chaletbramberg.nl\/de\/bewertungen\/#primaryimage\"},\"thumbnailUrl\":\"https:\/\/www.chaletbramberg.nl\/wp-content\/uploads\/2018\/09\/uitzicht-winter-bramberg-neukirchen.jpg\",\"datePublished\":\"2018-10-03T07:46:13+00:00\",\"dateModified\":\"2020-08-26T07:36:29+00:00\",\"description\":\"Herrlicher Urlaub in dieser k\u00fcrzlich renovierten Ferienwohnung mit grandioser Aussicht! Die Unterkunft ist bestens ausgestattet.\",\"breadcrumb\":{\"@id\":\"https:\/\/www.chaletbramberg.nl\/de\/bewertungen\/#breadcrumb\"},\"inLanguage\":\"de\",\"potentialAction\":[{\"@type\":\"ReadAction\",\"target\":[\"https:\/\/www.chaletbramberg.nl\/de\/bewertungen\/\"]}]},{\"@type\":\"ImageObject\",\"inLanguage\":\"de\",\"@id\":\"https:\/\/www.chaletbramberg.nl\/de\/bewertungen\/#primaryimage\",\"url\":\"https:\/\/www.chaletbramberg.nl\/wp-content\/uploads\/2018\/09\/uitzicht-winter-bramberg-neukirchen.jpg\",\"contentUrl\":\"https:\/\/www.chaletbramberg.nl\/wp-content\/uploads\/2018\/09\/uitzicht-winter-bramberg-neukirchen.jpg\",\"width\":1920,\"height\":600,\"caption\":\"Uitzicht winter bramberg neukirchen\"},{\"@type\":\"BreadcrumbList\",\"@id\":\"https:\/\/www.chaletbramberg.nl\/de\/bewertungen\/#breadcrumb\",\"itemListElement\":[{\"@type\":\"ListItem\",\"position\":1,\"name\":\"Home\",\"item\":\"https:\/\/www.chaletbramberg.nl\/de\/\"},{\"@type\":\"ListItem\",\"position\":2,\"name\":\"Bewertungen\"}]},{\"@type\":\"WebSite\",\"@id\":\"https:\/\/www.chaletbramberg.nl\/#website\",\"url\":\"https:\/\/www.chaletbramberg.nl\/\",\"name\":\"Chalet Bramberg | Een luxe vakantiehuis in Bramberg Oostenrijk\",\"description\":\"Oostenrijk\",\"potentialAction\":[{\"@type\":\"SearchAction\",\"target\":{\"@type\":\"EntryPoint\",\"urlTemplate\":\"https:\/\/www.chaletbramberg.nl\/?s={search_term_string}\"},\"query-input\":{\"@type\":\"PropertyValueSpecification\",\"valueRequired\":true,\"valueName\":\"search_term_string\"}}],\"inLanguage\":\"de\"}]}<\/script>\n<!-- \/ Yoast SEO plugin. -->","yoast_head_json":{"title":"Bewertungen - Chalet Bramberg | Een luxe vakantiehuis in Bramberg Oostenrijk","description":"Herrlicher Urlaub in dieser k\u00fcrzlich renovierten Ferienwohnung mit grandioser Aussicht! Die Unterkunft ist bestens ausgestattet.","robots":{"index":"index","follow":"follow","max-snippet":"max-snippet:-1","max-image-preview":"max-image-preview:large","max-video-preview":"max-video-preview:-1"},"canonical":"https:\/\/www.chaletbramberg.nl\/de\/bewertungen\/","og_locale":"de_DE","og_type":"article","og_title":"Bewertungen - Chalet Bramberg | Een luxe vakantiehuis in Bramberg Oostenrijk","og_description":"Herrlicher Urlaub in dieser k\u00fcrzlich renovierten Ferienwohnung mit grandioser Aussicht! Die Unterkunft ist bestens ausgestattet.","og_url":"https:\/\/www.chaletbramberg.nl\/de\/bewertungen\/","og_site_name":"Chalet Bramberg | Een luxe vakantiehuis in Bramberg Oostenrijk","article_modified_time":"2020-08-26T07:36:29+00:00","og_image":[{"width":1920,"height":600,"url":"https:\/\/www.chaletbramberg.nl\/wp-content\/uploads\/2018\/09\/uitzicht-winter-bramberg-neukirchen.jpg","type":"image\/jpeg"}],"twitter_card":"summary_large_image","twitter_misc":{"Gesch\u00e4tzte Lesezeit":"5\u00a0Minuten"},"schema":{"@context":"https:\/\/schema.org","@graph":[{"@type":"WebPage","@id":"https:\/\/www.chaletbramberg.nl\/de\/bewertungen\/","url":"https:\/\/www.chaletbramberg.nl\/de\/bewertungen\/","name":"Bewertungen - Chalet Bramberg | Een luxe vakantiehuis in Bramberg Oostenrijk","isPartOf":{"@id":"https:\/\/www.chaletbramberg.nl\/#website"},"primaryImageOfPage":{"@id":"https:\/\/www.chaletbramberg.nl\/de\/bewertungen\/#primaryimage"},"image":{"@id":"https:\/\/www.chaletbramberg.nl\/de\/bewertungen\/#primaryimage"},"thumbnailUrl":"https:\/\/www.chaletbramberg.nl\/wp-content\/uploads\/2018\/09\/uitzicht-winter-bramberg-neukirchen.jpg","datePublished":"2018-10-03T07:46:13+00:00","dateModified":"2020-08-26T07:36:29+00:00","description":"Herrlicher Urlaub in dieser k\u00fcrzlich renovierten Ferienwohnung mit grandioser Aussicht! Die Unterkunft ist bestens ausgestattet.","breadcrumb":{"@id":"https:\/\/www.chaletbramberg.nl\/de\/bewertungen\/#breadcrumb"},"inLanguage":"de","potentialAction":[{"@type":"ReadAction","target":["https:\/\/www.chaletbramberg.nl\/de\/bewertungen\/"]}]},{"@type":"ImageObject","inLanguage":"de","@id":"https:\/\/www.chaletbramberg.nl\/de\/bewertungen\/#primaryimage","url":"https:\/\/www.chaletbramberg.nl\/wp-content\/uploads\/2018\/09\/uitzicht-winter-bramberg-neukirchen.jpg","contentUrl":"https:\/\/www.chaletbramberg.nl\/wp-content\/uploads\/2018\/09\/uitzicht-winter-bramberg-neukirchen.jpg","width":1920,"height":600,"caption":"Uitzicht winter bramberg neukirchen"},{"@type":"BreadcrumbList","@id":"https:\/\/www.chaletbramberg.nl\/de\/bewertungen\/#breadcrumb","itemListElement":[{"@type":"ListItem","position":1,"name":"Home","item":"https:\/\/www.chaletbramberg.nl\/de\/"},{"@type":"ListItem","position":2,"name":"Bewertungen"}]},{"@type":"WebSite","@id":"https:\/\/www.chaletbramberg.nl\/#website","url":"https:\/\/www.chaletbramberg.nl\/","name":"Chalet Bramberg | Een luxe vakantiehuis in Bramberg Oostenrijk","description":"Oostenrijk","potentialAction":[{"@type":"SearchAction","target":{"@type":"EntryPoint","urlTemplate":"https:\/\/www.chaletbramberg.nl\/?s={search_term_string}"},"query-input":{"@type":"PropertyValueSpecification","valueRequired":true,"valueName":"search_term_string"}}],"inLanguage":"de"}]}},"_links":{"self":[{"href":"https:\/\/www.chaletbramberg.nl\/de\/wp-json\/wp\/v2\/pages\/550","targetHints":{"allow":["GET"]}}],"collection":[{"href":"https:\/\/www.chaletbramberg.nl\/de\/wp-json\/wp\/v2\/pages"}],"about":[{"href":"https:\/\/www.chaletbramberg.nl\/de\/wp-json\/wp\/v2\/types\/page"}],"author":[{"embeddable":true,"href":"https:\/\/www.chaletbramberg.nl\/de\/wp-json\/wp\/v2\/users\/1"}],"replies":[{"embeddable":true,"href":"https:\/\/www.chaletbramberg.nl\/de\/wp-json\/wp\/v2\/comments?post=550"}],"version-history":[{"count":20,"href":"https:\/\/www.chaletbramberg.nl\/de\/wp-json\/wp\/v2\/pages\/550\/revisions"}],"predecessor-version":[{"id":2084,"href":"https:\/\/www.chaletbramberg.nl\/de\/wp-json\/wp\/v2\/pages\/550\/revisions\/2084"}],"wp:featuredmedia":[{"embeddable":true,"href":"https:\/\/www.chaletbramberg.nl\/de\/wp-json\/wp\/v2\/media\/419"}],"wp:attachment":[{"href":"https:\/\/www.chaletbramberg.nl\/de\/wp-json\/wp\/v2\/media?parent=550"}],"curies":[{"name":"wp","href":"https:\/\/api.w.org\/{rel}","templated":true}]}}