 {"id":530,"date":"2018-09-11T13:25:58","date_gmt":"2018-09-11T13:25:58","guid":{"rendered":"https:\/\/www.chaletbramberg.nl\/het-chalet\/"},"modified":"2020-08-25T13:40:45","modified_gmt":"2020-08-25T12:40:45","slug":"das-chalet","status":"publish","type":"page","link":"https:\/\/www.chaletbramberg.nl\/de\/das-chalet\/","title":{"rendered":"Das Chalet"},"content":{"rendered":"<h1>Das Chalet<\/h1>\n<h2><strong>\u00dcbersicht<\/strong><\/h2>\n<p>Das Chalet Sch\u00f6ne Aussicht ist ein gem\u00fctliches Ferienhaus in der N\u00e4he von Bramberg mit einer Wohnfl\u00e4che von ca. 160m2 verteilt \u00fcber zwei Etagen. Vor dem Haus k\u00f6nnen zwei Autos unter dem Carport untergestellt werden. Weitere zwei Autos finden auf dem Grundst\u00fcck Parkpl\u00e4tze. Direkt neben dem Haupteingang befindet sich ein beheizter Ski-Raum, in dem Skis und Snowboards \u00fcber Nacht trocknen k\u00f6nnen, sodass am n\u00e4chsten Tag wieder die Piste unsicher gemacht werden kann!<\/p>\n<p>Im Erdgeschoss befinden sich drei der vier Schlafzimmer, zwei Badezimmer sowie eine separates WC. Das erste Stockwerk dient als Wohnraum und beherbergt neben dem vierten Schlafzimmer ebenso ein Bad mit Doppelwaschbecken, Waschmaschine, Trockner und einer weiteren Toilette. Das Esszimmer ist in L-Form geschnitten wobei die brandneue K\u00fcche das Prachtst\u00fcck der Ferienwohnung darstellt. Hier kann nach Herzenslaune gekocht und gebacken werden: sechs elektrische Kochfl\u00e4chen sowie eine gute Dunstabzugshaube, Ofen und Mikrowelle stehen Amateurk\u00f6chen zur Verf\u00fcgung. Die gro\u00dfz\u00fcgige Arbeitsfl\u00e4che wird komplementiert mit zwei gro\u00dfen Sp\u00fclbecken. Ein gro\u00dfer K\u00fchl- sowie Gefrierschrank runden das Kocherlebnis ab.<\/p>\n<p>Die Designer von Chalet Sch\u00f6ne Aussicht haben die bewusste Wahl getroffen Wohn- und Esszimmer getrennt voneinander anzulegen. Dies bietet die M\u00f6glichkeit mit einem Teil der Urlaubsgruppe noch bei einer Flasche Wein am Tisch den Tag Revue passieren zu lassen, w\u00e4hrend der Rest sich bei einem Film im Wohnzimmer entspannt. Beim Familienurlaub k\u00f6nnen die Eltern einen gem\u00fctlichen Abend auf der Couch genie\u00dfen, w\u00e4hrend sich die Kinder mit den vorhandenen Gesellschaftsspielen vergn\u00fcgen. Perfekte Abende sind garantiert!<\/p>\n<p>Bei sch\u00f6nem Wetter l\u00e4dt der eigene Garten zu einem gem\u00fctlichen Festmahl auf der Terrasse ein. Von dort aus kann die wundersch\u00f6ne Aussicht \u00fcber das Salzachtal und die Berge von Hohe Tauern genossen werden. Dank der gebotenen Privatsph\u00e4re k\u00f6nnen auch Sonnenanbeter auf den vorhandenen Liegest\u00fchlen ein Sonnenbad genie\u00dfen. Nat\u00fcrlich darf auch Der Grill nicht fehlen. Die kleinen Kinder k\u00f6nnen an ihrem eigenen Picknicktisch sitzen und die Rutsche herunterrutschen.<\/p>\n<p><span style=\"color: #ffffff;\">.<\/span><\/p>\n","protected":false},"excerpt":{"rendered":"<p>Das Chalet \u00dcbersicht Das Chalet Sch\u00f6ne Aussicht ist ein gem\u00fctliches Ferienhaus in der N\u00e4he von Bramberg mit einer Wohnfl\u00e4che von ca. 160m2 verteilt \u00fcber zwei Etagen. Vor dem Haus k\u00f6nnen zwei Autos unter dem Carport untergestellt werden. Weitere zwei Autos finden auf dem Grundst\u00fcck Parkpl\u00e4tze. Direkt neben dem Haupteingang befindet sich ein beheizter Ski-Raum, in [&hellip;]<\/p>\n","protected":false},"author":1,"featured_media":416,"parent":0,"menu_order":0,"comment_status":"closed","ping_status":"closed","template":"chalet.php","meta":{"_acf_changed":false,"footnotes":""},"class_list":["post-530","page","type-page","status-publish","has-post-thumbnail","hentry"],"acf":[],"yoast_head":"<!-- This site is optimized with the Yoast SEO plugin v26.5 - https:\/\/yoast.com\/wordpress\/plugins\/seo\/ -->\n<title>Das Chalet - Chalet Bramberg | Een luxe vakantiehuis in Bramberg Oostenrijk<\/title>\n<meta name=\"description\" content=\"Chalet Sch\u00f6ne Aussicht ist ein Ferienhaus bei Bramberg: ideal f\u00fcr Ihren Winter- und Sommerurlaub! Das Ferienhaus ist zu mieten f\u00fcr Gruppen bis zu 12 Pers.\" \/>\n<meta name=\"robots\" content=\"index, follow, max-snippet:-1, max-image-preview:large, max-video-preview:-1\" \/>\n<link rel=\"canonical\" href=\"https:\/\/www.chaletbramberg.nl\/de\/das-chalet\/\" \/>\n<meta property=\"og:locale\" content=\"de_DE\" \/>\n<meta property=\"og:type\" content=\"article\" \/>\n<meta property=\"og:title\" content=\"Das Chalet - Chalet Bramberg | Een luxe vakantiehuis in Bramberg Oostenrijk\" \/>\n<meta property=\"og:description\" content=\"Chalet Sch\u00f6ne Aussicht ist ein Ferienhaus bei Bramberg: ideal f\u00fcr Ihren Winter- und Sommerurlaub! Das Ferienhaus ist zu mieten f\u00fcr Gruppen bis zu 12 Pers.\" \/>\n<meta property=\"og:url\" content=\"https:\/\/www.chaletbramberg.nl\/de\/das-chalet\/\" \/>\n<meta property=\"og:site_name\" content=\"Chalet Bramberg | Een luxe vakantiehuis in Bramberg Oostenrijk\" \/>\n<meta property=\"article:modified_time\" content=\"2020-08-25T12:40:45+00:00\" \/>\n<meta property=\"og:image\" content=\"https:\/\/www.chaletbramberg.nl\/wp-content\/uploads\/2018\/09\/chalet-bramberg-uitzicht-zomer.jpg\" \/>\n\t<meta property=\"og:image:width\" content=\"1920\" \/>\n\t<meta property=\"og:image:height\" content=\"600\" \/>\n\t<meta property=\"og:image:type\" content=\"image\/jpeg\" \/>\n<meta name=\"twitter:card\" content=\"summary_large_image\" \/>\n<meta name=\"twitter:label1\" content=\"Gesch\u00e4tzte Lesezeit\" \/>\n\t<meta name=\"twitter:data1\" content=\"2\u00a0Minuten\" \/>\n<script type=\"application\/ld+json\" class=\"yoast-schema-graph\">{\"@context\":\"https:\/\/schema.org\",\"@graph\":[{\"@type\":\"WebPage\",\"@id\":\"https:\/\/www.chaletbramberg.nl\/de\/das-chalet\/\",\"url\":\"https:\/\/www.chaletbramberg.nl\/de\/das-chalet\/\",\"name\":\"Das Chalet - Chalet Bramberg | Een luxe vakantiehuis in Bramberg Oostenrijk\",\"isPartOf\":{\"@id\":\"https:\/\/www.chaletbramberg.nl\/#website\"},\"primaryImageOfPage\":{\"@id\":\"https:\/\/www.chaletbramberg.nl\/de\/das-chalet\/#primaryimage\"},\"image\":{\"@id\":\"https:\/\/www.chaletbramberg.nl\/de\/das-chalet\/#primaryimage\"},\"thumbnailUrl\":\"https:\/\/www.chaletbramberg.nl\/wp-content\/uploads\/2018\/09\/chalet-bramberg-uitzicht-zomer.jpg\",\"datePublished\":\"2018-09-11T13:25:58+00:00\",\"dateModified\":\"2020-08-25T12:40:45+00:00\",\"description\":\"Chalet Sch\u00f6ne Aussicht ist ein Ferienhaus bei Bramberg: ideal f\u00fcr Ihren Winter- und Sommerurlaub! Das Ferienhaus ist zu mieten f\u00fcr Gruppen bis zu 12 Pers.\",\"breadcrumb\":{\"@id\":\"https:\/\/www.chaletbramberg.nl\/de\/das-chalet\/#breadcrumb\"},\"inLanguage\":\"de\",\"potentialAction\":[{\"@type\":\"ReadAction\",\"target\":[\"https:\/\/www.chaletbramberg.nl\/de\/das-chalet\/\"]}]},{\"@type\":\"ImageObject\",\"inLanguage\":\"de\",\"@id\":\"https:\/\/www.chaletbramberg.nl\/de\/das-chalet\/#primaryimage\",\"url\":\"https:\/\/www.chaletbramberg.nl\/wp-content\/uploads\/2018\/09\/chalet-bramberg-uitzicht-zomer.jpg\",\"contentUrl\":\"https:\/\/www.chaletbramberg.nl\/wp-content\/uploads\/2018\/09\/chalet-bramberg-uitzicht-zomer.jpg\",\"width\":1920,\"height\":600,\"caption\":\"Chalet-bramberg-uitzicht-zomer\"},{\"@type\":\"BreadcrumbList\",\"@id\":\"https:\/\/www.chaletbramberg.nl\/de\/das-chalet\/#breadcrumb\",\"itemListElement\":[{\"@type\":\"ListItem\",\"position\":1,\"name\":\"Home\",\"item\":\"https:\/\/www.chaletbramberg.nl\/de\/\"},{\"@type\":\"ListItem\",\"position\":2,\"name\":\"Das Chalet\"}]},{\"@type\":\"WebSite\",\"@id\":\"https:\/\/www.chaletbramberg.nl\/#website\",\"url\":\"https:\/\/www.chaletbramberg.nl\/\",\"name\":\"Chalet Bramberg | Een luxe vakantiehuis in Bramberg Oostenrijk\",\"description\":\"Oostenrijk\",\"potentialAction\":[{\"@type\":\"SearchAction\",\"target\":{\"@type\":\"EntryPoint\",\"urlTemplate\":\"https:\/\/www.chaletbramberg.nl\/?s={search_term_string}\"},\"query-input\":{\"@type\":\"PropertyValueSpecification\",\"valueRequired\":true,\"valueName\":\"search_term_string\"}}],\"inLanguage\":\"de\"}]}<\/script>\n<!-- \/ Yoast SEO plugin. -->","yoast_head_json":{"title":"Das Chalet - Chalet Bramberg | Een luxe vakantiehuis in Bramberg Oostenrijk","description":"Chalet Sch\u00f6ne Aussicht ist ein Ferienhaus bei Bramberg: ideal f\u00fcr Ihren Winter- und Sommerurlaub! Das Ferienhaus ist zu mieten f\u00fcr Gruppen bis zu 12 Pers.","robots":{"index":"index","follow":"follow","max-snippet":"max-snippet:-1","max-image-preview":"max-image-preview:large","max-video-preview":"max-video-preview:-1"},"canonical":"https:\/\/www.chaletbramberg.nl\/de\/das-chalet\/","og_locale":"de_DE","og_type":"article","og_title":"Das Chalet - Chalet Bramberg | Een luxe vakantiehuis in Bramberg Oostenrijk","og_description":"Chalet Sch\u00f6ne Aussicht ist ein Ferienhaus bei Bramberg: ideal f\u00fcr Ihren Winter- und Sommerurlaub! Das Ferienhaus ist zu mieten f\u00fcr Gruppen bis zu 12 Pers.","og_url":"https:\/\/www.chaletbramberg.nl\/de\/das-chalet\/","og_site_name":"Chalet Bramberg | Een luxe vakantiehuis in Bramberg Oostenrijk","article_modified_time":"2020-08-25T12:40:45+00:00","og_image":[{"width":1920,"height":600,"url":"https:\/\/www.chaletbramberg.nl\/wp-content\/uploads\/2018\/09\/chalet-bramberg-uitzicht-zomer.jpg","type":"image\/jpeg"}],"twitter_card":"summary_large_image","twitter_misc":{"Gesch\u00e4tzte Lesezeit":"2\u00a0Minuten"},"schema":{"@context":"https:\/\/schema.org","@graph":[{"@type":"WebPage","@id":"https:\/\/www.chaletbramberg.nl\/de\/das-chalet\/","url":"https:\/\/www.chaletbramberg.nl\/de\/das-chalet\/","name":"Das Chalet - Chalet Bramberg | Een luxe vakantiehuis in Bramberg Oostenrijk","isPartOf":{"@id":"https:\/\/www.chaletbramberg.nl\/#website"},"primaryImageOfPage":{"@id":"https:\/\/www.chaletbramberg.nl\/de\/das-chalet\/#primaryimage"},"image":{"@id":"https:\/\/www.chaletbramberg.nl\/de\/das-chalet\/#primaryimage"},"thumbnailUrl":"https:\/\/www.chaletbramberg.nl\/wp-content\/uploads\/2018\/09\/chalet-bramberg-uitzicht-zomer.jpg","datePublished":"2018-09-11T13:25:58+00:00","dateModified":"2020-08-25T12:40:45+00:00","description":"Chalet Sch\u00f6ne Aussicht ist ein Ferienhaus bei Bramberg: ideal f\u00fcr Ihren Winter- und Sommerurlaub! Das Ferienhaus ist zu mieten f\u00fcr Gruppen bis zu 12 Pers.","breadcrumb":{"@id":"https:\/\/www.chaletbramberg.nl\/de\/das-chalet\/#breadcrumb"},"inLanguage":"de","potentialAction":[{"@type":"ReadAction","target":["https:\/\/www.chaletbramberg.nl\/de\/das-chalet\/"]}]},{"@type":"ImageObject","inLanguage":"de","@id":"https:\/\/www.chaletbramberg.nl\/de\/das-chalet\/#primaryimage","url":"https:\/\/www.chaletbramberg.nl\/wp-content\/uploads\/2018\/09\/chalet-bramberg-uitzicht-zomer.jpg","contentUrl":"https:\/\/www.chaletbramberg.nl\/wp-content\/uploads\/2018\/09\/chalet-bramberg-uitzicht-zomer.jpg","width":1920,"height":600,"caption":"Chalet-bramberg-uitzicht-zomer"},{"@type":"BreadcrumbList","@id":"https:\/\/www.chaletbramberg.nl\/de\/das-chalet\/#breadcrumb","itemListElement":[{"@type":"ListItem","position":1,"name":"Home","item":"https:\/\/www.chaletbramberg.nl\/de\/"},{"@type":"ListItem","position":2,"name":"Das Chalet"}]},{"@type":"WebSite","@id":"https:\/\/www.chaletbramberg.nl\/#website","url":"https:\/\/www.chaletbramberg.nl\/","name":"Chalet Bramberg | Een luxe vakantiehuis in Bramberg Oostenrijk","description":"Oostenrijk","potentialAction":[{"@type":"SearchAction","target":{"@type":"EntryPoint","urlTemplate":"https:\/\/www.chaletbramberg.nl\/?s={search_term_string}"},"query-input":{"@type":"PropertyValueSpecification","valueRequired":true,"valueName":"search_term_string"}}],"inLanguage":"de"}]}},"_links":{"self":[{"href":"https:\/\/www.chaletbramberg.nl\/de\/wp-json\/wp\/v2\/pages\/530","targetHints":{"allow":["GET"]}}],"collection":[{"href":"https:\/\/www.chaletbramberg.nl\/de\/wp-json\/wp\/v2\/pages"}],"about":[{"href":"https:\/\/www.chaletbramberg.nl\/de\/wp-json\/wp\/v2\/types\/page"}],"author":[{"embeddable":true,"href":"https:\/\/www.chaletbramberg.nl\/de\/wp-json\/wp\/v2\/users\/1"}],"replies":[{"embeddable":true,"href":"https:\/\/www.chaletbramberg.nl\/de\/wp-json\/wp\/v2\/comments?post=530"}],"version-history":[{"count":25,"href":"https:\/\/www.chaletbramberg.nl\/de\/wp-json\/wp\/v2\/pages\/530\/revisions"}],"predecessor-version":[{"id":2030,"href":"https:\/\/www.chaletbramberg.nl\/de\/wp-json\/wp\/v2\/pages\/530\/revisions\/2030"}],"wp:featuredmedia":[{"embeddable":true,"href":"https:\/\/www.chaletbramberg.nl\/de\/wp-json\/wp\/v2\/media\/416"}],"wp:attachment":[{"href":"https:\/\/www.chaletbramberg.nl\/de\/wp-json\/wp\/v2\/media?parent=530"}],"curies":[{"name":"wp","href":"https:\/\/api.w.org\/{rel}","templated":true}]}}