 {"id":528,"date":"2018-10-03T07:21:07","date_gmt":"2018-10-03T07:21:07","guid":{"rendered":"https:\/\/www.chaletbramberg.nl\/contact\/"},"modified":"2018-11-08T10:51:17","modified_gmt":"2018-11-08T09:51:17","slug":"kontakt","status":"publish","type":"page","link":"https:\/\/www.chaletbramberg.nl\/de\/kontakt\/","title":{"rendered":"Kontakt"},"content":{"rendered":"<h1>Kontakt<\/h1>\n<p>Haben Sie Fragen oder m\u00f6chten Sie mehr Informationen \u00fcber Chalet Sch\u00f6ne Aussicht? Dann k\u00f6nnen Sie das untenstehende Kontaktformular benutzen. Gerne k\u00f6nnen Sie auch telefonisch oder via Whats-App Kontakt aufnehmen (+31 610 520 429). <a style=\"text-decoration: none; color: #000000;\" href=\"mailto:info@chaletbramberg.nl\"><strong>E-Mail<\/strong><\/a> ist auch m\u00f6glich. Wir freuen uns \u00fcber Ihr Interesse!<\/p>\n<p>&nbsp;<\/p>\n\n<div class=\"wpcf7 no-js\" id=\"wpcf7-f1464-o1\" lang=\"nl-NL\" dir=\"ltr\" data-wpcf7-id=\"1464\">\n<div class=\"screen-reader-response\"><p role=\"status\" aria-live=\"polite\" aria-atomic=\"true\"><\/p> <ul><\/ul><\/div>\n<form action=\"\/de\/wp-json\/wp\/v2\/pages\/528#wpcf7-f1464-o1\" method=\"post\" class=\"wpcf7-form init\" aria-label=\"Contactformulier\" novalidate=\"novalidate\" data-status=\"init\">\n<fieldset class=\"hidden-fields-container\"><input type=\"hidden\" name=\"_wpcf7\" value=\"1464\" \/><input type=\"hidden\" name=\"_wpcf7_version\" value=\"6.1.4\" \/><input type=\"hidden\" name=\"_wpcf7_locale\" value=\"nl_NL\" \/><input type=\"hidden\" name=\"_wpcf7_unit_tag\" value=\"wpcf7-f1464-o1\" \/><input type=\"hidden\" name=\"_wpcf7_container_post\" value=\"0\" \/><input type=\"hidden\" name=\"_wpcf7_posted_data_hash\" value=\"\" \/><input type=\"hidden\" name=\"_wpcf7_recaptcha_response\" value=\"\" \/>\n<\/fieldset>\n<p><label> <span class=\"wpcf7-form-control-wrap\" data-name=\"naam\"><input size=\"40\" maxlength=\"400\" class=\"wpcf7-form-control wpcf7-text wpcf7-validates-as-required form-control\" aria-required=\"true\" aria-invalid=\"false\" placeholder=\"Name *\" value=\"\" type=\"text\" name=\"naam\" \/><\/span> <\/label>\n<\/p>\n<p><label> <span class=\"wpcf7-form-control-wrap\" data-name=\"email\"><input size=\"40\" maxlength=\"400\" class=\"wpcf7-form-control wpcf7-email wpcf7-validates-as-required wpcf7-text wpcf7-validates-as-email form-control\" aria-required=\"true\" aria-invalid=\"false\" placeholder=\"E-Mail-Adresse *\" value=\"\" type=\"email\" name=\"email\" \/><\/span> <\/label>\n<\/p>\n<p><label> <span class=\"wpcf7-form-control-wrap\" data-name=\"telefoonnummer\"><input size=\"40\" maxlength=\"400\" class=\"wpcf7-form-control wpcf7-tel wpcf7-text wpcf7-validates-as-tel form-control\" aria-invalid=\"false\" placeholder=\"Telefonnummer\" value=\"\" type=\"tel\" name=\"telefoonnummer\" \/><\/span> <\/label>\n<\/p>\n<p><label> <span class=\"wpcf7-form-control-wrap\" data-name=\"bericht\"><textarea cols=\"44\" rows=\"10\" maxlength=\"2000\" class=\"wpcf7-form-control wpcf7-textarea wpcf7-validates-as-required form-control\" aria-required=\"true\" aria-invalid=\"false\" placeholder=\"Nachricht *\" name=\"bericht\"><\/textarea><\/span> <\/label>\n<\/p>\n<p><label> Diesen Code eingeben: <strong>Waarschuwing:<\/strong> de <a href=\"https:\/\/wordpress.org\/plugins\/really-simple-captcha\/\">Really Simple CAPTCHA<\/a> plugin is niet actief. <\/label><br \/>\n<label> <span class=\"wpcf7-form-control-wrap\" data-name=\"captcha-163\"><input size=\"4\" maxlength=\"4\" class=\"wpcf7-form-control wpcf7-captchar form-control\" autocomplete=\"off\" aria-invalid=\"false\" value=\"\" type=\"text\" name=\"captcha-163\" \/><\/span> <\/label>\n<\/p>\n<p><input class=\"wpcf7-form-control wpcf7-submit has-spinner\" type=\"submit\" value=\"Verzenden\" \/>\n<\/p><div class=\"wpcf7-response-output\" aria-hidden=\"true\"><\/div>\n<\/form>\n<\/div>\n\n<p>&nbsp;<\/p>\n","protected":false},"excerpt":{"rendered":"<p>Kontakt Haben Sie Fragen oder m\u00f6chten Sie mehr Informationen \u00fcber Chalet Sch\u00f6ne Aussicht? Dann k\u00f6nnen Sie das untenstehende Kontaktformular benutzen. Gerne k\u00f6nnen Sie auch telefonisch oder via Whats-App Kontakt aufnehmen (+31 610 520 429). E-Mail ist auch m\u00f6glich. Wir freuen uns \u00fcber Ihr Interesse! &nbsp; &nbsp;<\/p>\n","protected":false},"author":1,"featured_media":378,"parent":0,"menu_order":0,"comment_status":"closed","ping_status":"closed","template":"contact.php","meta":{"_acf_changed":false,"footnotes":""},"class_list":["post-528","page","type-page","status-publish","has-post-thumbnail","hentry"],"acf":[],"yoast_head":"<!-- This site is optimized with the Yoast SEO plugin v26.5 - https:\/\/yoast.com\/wordpress\/plugins\/seo\/ -->\n<title>Kontakt - Chalet Bramberg | Een luxe vakantiehuis in Bramberg Oostenrijk<\/title>\n<meta name=\"description\" content=\"Chalet Sch\u00f6ne Aussicht ist ein luxuri\u00f6ses und praktisch eingerichtetes Ferienhaus bei Bramberg. Fragen oder mehr Informationen? Nehmen Sie dann Kontakt auf.\" \/>\n<meta name=\"robots\" content=\"index, follow, max-snippet:-1, max-image-preview:large, max-video-preview:-1\" \/>\n<link rel=\"canonical\" href=\"https:\/\/www.chaletbramberg.nl\/de\/kontakt\/\" \/>\n<meta property=\"og:locale\" content=\"de_DE\" \/>\n<meta property=\"og:type\" content=\"article\" \/>\n<meta property=\"og:title\" content=\"Kontakt - Chalet Bramberg | Een luxe vakantiehuis in Bramberg Oostenrijk\" \/>\n<meta property=\"og:description\" content=\"Chalet Sch\u00f6ne Aussicht ist ein luxuri\u00f6ses und praktisch eingerichtetes Ferienhaus bei Bramberg. Fragen oder mehr Informationen? Nehmen Sie dann Kontakt auf.\" \/>\n<meta property=\"og:url\" content=\"https:\/\/www.chaletbramberg.nl\/de\/kontakt\/\" \/>\n<meta property=\"og:site_name\" content=\"Chalet Bramberg | Een luxe vakantiehuis in Bramberg Oostenrijk\" \/>\n<meta property=\"article:modified_time\" content=\"2018-11-08T09:51:17+00:00\" \/>\n<meta property=\"og:image\" content=\"https:\/\/www.chaletbramberg.nl\/wp-content\/uploads\/2018\/09\/chalet_3.jpg\" \/>\n\t<meta property=\"og:image:width\" content=\"1920\" \/>\n\t<meta property=\"og:image:height\" content=\"600\" \/>\n\t<meta property=\"og:image:type\" content=\"image\/jpeg\" \/>\n<meta name=\"twitter:card\" content=\"summary_large_image\" \/>\n<script type=\"application\/ld+json\" class=\"yoast-schema-graph\">{\"@context\":\"https:\/\/schema.org\",\"@graph\":[{\"@type\":\"WebPage\",\"@id\":\"https:\/\/www.chaletbramberg.nl\/de\/kontakt\/\",\"url\":\"https:\/\/www.chaletbramberg.nl\/de\/kontakt\/\",\"name\":\"Kontakt - Chalet Bramberg | Een luxe vakantiehuis in Bramberg Oostenrijk\",\"isPartOf\":{\"@id\":\"https:\/\/www.chaletbramberg.nl\/#website\"},\"primaryImageOfPage\":{\"@id\":\"https:\/\/www.chaletbramberg.nl\/de\/kontakt\/#primaryimage\"},\"image\":{\"@id\":\"https:\/\/www.chaletbramberg.nl\/de\/kontakt\/#primaryimage\"},\"thumbnailUrl\":\"https:\/\/www.chaletbramberg.nl\/wp-content\/uploads\/2018\/09\/chalet_3.jpg\",\"datePublished\":\"2018-10-03T07:21:07+00:00\",\"dateModified\":\"2018-11-08T09:51:17+00:00\",\"description\":\"Chalet Sch\u00f6ne Aussicht ist ein luxuri\u00f6ses und praktisch eingerichtetes Ferienhaus bei Bramberg. Fragen oder mehr Informationen? Nehmen Sie dann Kontakt auf.\",\"breadcrumb\":{\"@id\":\"https:\/\/www.chaletbramberg.nl\/de\/kontakt\/#breadcrumb\"},\"inLanguage\":\"de\",\"potentialAction\":[{\"@type\":\"ReadAction\",\"target\":[\"https:\/\/www.chaletbramberg.nl\/de\/kontakt\/\"]}]},{\"@type\":\"ImageObject\",\"inLanguage\":\"de\",\"@id\":\"https:\/\/www.chaletbramberg.nl\/de\/kontakt\/#primaryimage\",\"url\":\"https:\/\/www.chaletbramberg.nl\/wp-content\/uploads\/2018\/09\/chalet_3.jpg\",\"contentUrl\":\"https:\/\/www.chaletbramberg.nl\/wp-content\/uploads\/2018\/09\/chalet_3.jpg\",\"width\":1920,\"height\":600,\"caption\":\"De ideale uitvalsbasis voor een week ski\u00ebn of sneeuwboarden\"},{\"@type\":\"BreadcrumbList\",\"@id\":\"https:\/\/www.chaletbramberg.nl\/de\/kontakt\/#breadcrumb\",\"itemListElement\":[{\"@type\":\"ListItem\",\"position\":1,\"name\":\"Home\",\"item\":\"https:\/\/www.chaletbramberg.nl\/de\/\"},{\"@type\":\"ListItem\",\"position\":2,\"name\":\"Kontakt\"}]},{\"@type\":\"WebSite\",\"@id\":\"https:\/\/www.chaletbramberg.nl\/#website\",\"url\":\"https:\/\/www.chaletbramberg.nl\/\",\"name\":\"Chalet Bramberg | Een luxe vakantiehuis in Bramberg Oostenrijk\",\"description\":\"Oostenrijk\",\"potentialAction\":[{\"@type\":\"SearchAction\",\"target\":{\"@type\":\"EntryPoint\",\"urlTemplate\":\"https:\/\/www.chaletbramberg.nl\/?s={search_term_string}\"},\"query-input\":{\"@type\":\"PropertyValueSpecification\",\"valueRequired\":true,\"valueName\":\"search_term_string\"}}],\"inLanguage\":\"de\"}]}<\/script>\n<!-- \/ Yoast SEO plugin. -->","yoast_head_json":{"title":"Kontakt - Chalet Bramberg | Een luxe vakantiehuis in Bramberg Oostenrijk","description":"Chalet Sch\u00f6ne Aussicht ist ein luxuri\u00f6ses und praktisch eingerichtetes Ferienhaus bei Bramberg. Fragen oder mehr Informationen? Nehmen Sie dann Kontakt auf.","robots":{"index":"index","follow":"follow","max-snippet":"max-snippet:-1","max-image-preview":"max-image-preview:large","max-video-preview":"max-video-preview:-1"},"canonical":"https:\/\/www.chaletbramberg.nl\/de\/kontakt\/","og_locale":"de_DE","og_type":"article","og_title":"Kontakt - Chalet Bramberg | Een luxe vakantiehuis in Bramberg Oostenrijk","og_description":"Chalet Sch\u00f6ne Aussicht ist ein luxuri\u00f6ses und praktisch eingerichtetes Ferienhaus bei Bramberg. Fragen oder mehr Informationen? Nehmen Sie dann Kontakt auf.","og_url":"https:\/\/www.chaletbramberg.nl\/de\/kontakt\/","og_site_name":"Chalet Bramberg | Een luxe vakantiehuis in Bramberg Oostenrijk","article_modified_time":"2018-11-08T09:51:17+00:00","og_image":[{"width":1920,"height":600,"url":"https:\/\/www.chaletbramberg.nl\/wp-content\/uploads\/2018\/09\/chalet_3.jpg","type":"image\/jpeg"}],"twitter_card":"summary_large_image","schema":{"@context":"https:\/\/schema.org","@graph":[{"@type":"WebPage","@id":"https:\/\/www.chaletbramberg.nl\/de\/kontakt\/","url":"https:\/\/www.chaletbramberg.nl\/de\/kontakt\/","name":"Kontakt - Chalet Bramberg | Een luxe vakantiehuis in Bramberg Oostenrijk","isPartOf":{"@id":"https:\/\/www.chaletbramberg.nl\/#website"},"primaryImageOfPage":{"@id":"https:\/\/www.chaletbramberg.nl\/de\/kontakt\/#primaryimage"},"image":{"@id":"https:\/\/www.chaletbramberg.nl\/de\/kontakt\/#primaryimage"},"thumbnailUrl":"https:\/\/www.chaletbramberg.nl\/wp-content\/uploads\/2018\/09\/chalet_3.jpg","datePublished":"2018-10-03T07:21:07+00:00","dateModified":"2018-11-08T09:51:17+00:00","description":"Chalet Sch\u00f6ne Aussicht ist ein luxuri\u00f6ses und praktisch eingerichtetes Ferienhaus bei Bramberg. Fragen oder mehr Informationen? Nehmen Sie dann Kontakt auf.","breadcrumb":{"@id":"https:\/\/www.chaletbramberg.nl\/de\/kontakt\/#breadcrumb"},"inLanguage":"de","potentialAction":[{"@type":"ReadAction","target":["https:\/\/www.chaletbramberg.nl\/de\/kontakt\/"]}]},{"@type":"ImageObject","inLanguage":"de","@id":"https:\/\/www.chaletbramberg.nl\/de\/kontakt\/#primaryimage","url":"https:\/\/www.chaletbramberg.nl\/wp-content\/uploads\/2018\/09\/chalet_3.jpg","contentUrl":"https:\/\/www.chaletbramberg.nl\/wp-content\/uploads\/2018\/09\/chalet_3.jpg","width":1920,"height":600,"caption":"De ideale uitvalsbasis voor een week ski\u00ebn of sneeuwboarden"},{"@type":"BreadcrumbList","@id":"https:\/\/www.chaletbramberg.nl\/de\/kontakt\/#breadcrumb","itemListElement":[{"@type":"ListItem","position":1,"name":"Home","item":"https:\/\/www.chaletbramberg.nl\/de\/"},{"@type":"ListItem","position":2,"name":"Kontakt"}]},{"@type":"WebSite","@id":"https:\/\/www.chaletbramberg.nl\/#website","url":"https:\/\/www.chaletbramberg.nl\/","name":"Chalet Bramberg | Een luxe vakantiehuis in Bramberg Oostenrijk","description":"Oostenrijk","potentialAction":[{"@type":"SearchAction","target":{"@type":"EntryPoint","urlTemplate":"https:\/\/www.chaletbramberg.nl\/?s={search_term_string}"},"query-input":{"@type":"PropertyValueSpecification","valueRequired":true,"valueName":"search_term_string"}}],"inLanguage":"de"}]}},"_links":{"self":[{"href":"https:\/\/www.chaletbramberg.nl\/de\/wp-json\/wp\/v2\/pages\/528","targetHints":{"allow":["GET"]}}],"collection":[{"href":"https:\/\/www.chaletbramberg.nl\/de\/wp-json\/wp\/v2\/pages"}],"about":[{"href":"https:\/\/www.chaletbramberg.nl\/de\/wp-json\/wp\/v2\/types\/page"}],"author":[{"embeddable":true,"href":"https:\/\/www.chaletbramberg.nl\/de\/wp-json\/wp\/v2\/users\/1"}],"replies":[{"embeddable":true,"href":"https:\/\/www.chaletbramberg.nl\/de\/wp-json\/wp\/v2\/comments?post=528"}],"version-history":[{"count":16,"href":"https:\/\/www.chaletbramberg.nl\/de\/wp-json\/wp\/v2\/pages\/528\/revisions"}],"predecessor-version":[{"id":1574,"href":"https:\/\/www.chaletbramberg.nl\/de\/wp-json\/wp\/v2\/pages\/528\/revisions\/1574"}],"wp:featuredmedia":[{"embeddable":true,"href":"https:\/\/www.chaletbramberg.nl\/de\/wp-json\/wp\/v2\/media\/378"}],"wp:attachment":[{"href":"https:\/\/www.chaletbramberg.nl\/de\/wp-json\/wp\/v2\/media?parent=528"}],"curies":[{"name":"wp","href":"https:\/\/api.w.org\/{rel}","templated":true}]}}