 {"id":207,"date":"2018-09-11T13:03:42","date_gmt":"2018-09-11T12:03:42","guid":{"rendered":"https:\/\/jeroen.dpcreative.nl\/websites\/chaletbramberg\/?page_id=207"},"modified":"2026-02-19T10:43:30","modified_gmt":"2026-02-19T09:43:30","slug":"home","status":"publish","type":"page","link":"https:\/\/www.chaletbramberg.nl\/de\/","title":{"rendered":"Luxuri\u00f6ses Ferienhaus in Traumlage"},"content":{"rendered":"<h1>LUXURI\u00d6SES FERIENHAUS IN TRAUMLAGE<\/h1>\n<p>Chalet \u201eSch\u00f6ne Aussicht\u201c ist ein authentisches, luxuri\u00f6s eingerichtetes Ferienhaus, zentral gelegen zwischen den Skigebieten Bramberg-Neukirchen &amp; Kitzb\u00fchel-Kirchberg. Das Haus ist frisch renoviert und bietet <a style=\"text-decoration: none; color: #000000;\" href=\"https:\/\/www.chaletbramberg.de\/das-chalet\/\"><strong>jeglichen Komfort<\/strong><\/a> ohne den\u00a0<a style=\"text-decoration: none; color: #000000;\" href=\"https:\/\/www.chaletbramberg.de\/das-chalet\/\"><strong>typischen Charm<\/strong><\/a> zu verlieren. Das Chalet befindet sich in einer kleinen, ruhigen Stra\u00dfe \u00fcber M\u00fchlbach und eignet sich gut f\u00fcr bis zu zw\u00f6lf Personen.<\/p>\n<p>Der urige Ort Bramberg ist lediglich ein paar Minuten Fahrt entfernt. Von hieraus bringt Sie die \u201eSmaragdbahn\u201c in die <a style=\"text-decoration: none; color: #000000;\" href=\"https:\/\/www.chaletbramberg.de\/wintersport\/\"><strong>Wildkogel Arena<\/strong><\/a>, wo das Herz aller Ski- und Snowboardliebhaber schneller schl\u00e4gt und man sich auf der l\u00e4ngsten beleuchteten Rodelbahn der Welt austoben kann. Von Hollersbach aus \u2013 gerade mal f\u00fcnf Minuten Fahrt vom Chalet \u2013 bringt Sie die \u201ePanoramabahn\u201c in das Skigebiet <a style=\"text-decoration: none; color: #000000;\" href=\"https:\/\/www.chaletbramberg.de\/wintersport\/\"><strong>Kitzb\u00fchel-Kirchberg<\/strong><\/a> in den Kitzb\u00fcheler Alpen.<\/p>\n<p>Das Haus bietet eine praktische K\u00fcche mit sechs Kochfeldern, Geschirrsp\u00fcler, Ofen und Mikrowelle. Im separaten Wohnzimmer kann man sich perfekt nach einem langen Tag entspannen. Tr\u00e4umen l\u00e4sst es sich zu sp\u00e4terer Stunde in den luxuri\u00f6sen Boxspringbetten. Jedes Zimmer bietet eine fantastische Aussicht auf den <a style=\"text-decoration: none; color: #000000;\" href=\"https:\/\/www.chaletbramberg.de\/sommerurlaub\/\"><strong>Nationalpark Hohe Tauern <\/strong><\/a>und das Salzachtal. Im Sommer l\u00e4dt der Garten zum Entspannen ein.<\/p>\n<p>All das macht Chalet \u201eSch\u00f6ne Aussicht\u201c zum perfekten Ort f\u00fcr die Ferien \u2013im <a style=\"text-decoration: none; color: #000000;\" href=\"https:\/\/www.chaletbramberg.de\/wintersport\/\"><strong>Winter <\/strong><\/a>und im<a style=\"text-decoration: none; color: #000000;\" href=\"https:\/\/www.chaletbramberg.de\/sommerurlaub\/\"><strong> Sommer<\/strong><\/a>. In der kalten Jahreszeit ist das Chalet die optimale Ausgangsbasis f\u00fcr eine Ski- und Snowboardwoche. W\u00e4hrend der warmen Sommertagen bietet es sich an zu Wandern oder Mountainbiken, Fahrrad- oder Motorrad zu fahren. Zusammen mit der Familie oder mit Freunden &#8211; die M\u00f6glichkeiten endlos!<\/p>\n<p>Wir hei\u00dfen Sie herzlich willkommen!<\/p>\n","protected":false},"excerpt":{"rendered":"<p>LUXURI\u00d6SES FERIENHAUS IN TRAUMLAGE Chalet \u201eSch\u00f6ne Aussicht\u201c ist ein authentisches, luxuri\u00f6s eingerichtetes Ferienhaus, zentral gelegen zwischen den Skigebieten Bramberg-Neukirchen &amp; Kitzb\u00fchel-Kirchberg. Das Haus ist frisch renoviert und bietet jeglichen Komfort ohne den\u00a0typischen Charm zu verlieren. Das Chalet befindet sich in einer kleinen, ruhigen Stra\u00dfe \u00fcber M\u00fchlbach und eignet sich gut f\u00fcr bis zu zw\u00f6lf Personen. [&hellip;]<\/p>\n","protected":false},"author":1,"featured_media":0,"parent":0,"menu_order":0,"comment_status":"closed","ping_status":"closed","template":"home.php","meta":{"_acf_changed":false,"footnotes":""},"class_list":["post-207","page","type-page","status-publish","hentry"],"acf":[],"yoast_head":"<!-- This site is optimized with the Yoast SEO plugin v26.5 - https:\/\/yoast.com\/wordpress\/plugins\/seo\/ -->\n<title>Luxuri\u00f6ses Ferienhaus in Traumlage - Chalet Bramberg | Een luxe vakantiehuis in Bramberg Oostenrijk<\/title>\n<meta name=\"description\" content=\"Chalet Sch\u00f6ne Aussicht ist ein Ferienhaus in gro\u00dfartiger Lage bei Bramberg! Der ideale Ausgangsort f\u00fcr eine Woche Skiurlaub im Salzburgerland. Jetzt mieten!\" \/>\n<meta name=\"robots\" content=\"index, follow, max-snippet:-1, max-image-preview:large, max-video-preview:-1\" \/>\n<link rel=\"canonical\" href=\"https:\/\/www.chaletbramberg.nl\/de\/\" \/>\n<meta property=\"og:locale\" content=\"de_DE\" \/>\n<meta property=\"og:type\" content=\"article\" \/>\n<meta property=\"og:title\" content=\"Luxuri\u00f6ses Ferienhaus in Traumlage - Chalet Bramberg | Een luxe vakantiehuis in Bramberg Oostenrijk\" \/>\n<meta property=\"og:description\" content=\"Chalet Sch\u00f6ne Aussicht ist ein Ferienhaus in gro\u00dfartiger Lage bei Bramberg! Der ideale Ausgangsort f\u00fcr eine Woche Skiurlaub im Salzburgerland. Jetzt mieten!\" \/>\n<meta property=\"og:url\" content=\"https:\/\/www.chaletbramberg.nl\/de\/\" \/>\n<meta property=\"og:site_name\" content=\"Chalet Bramberg | Een luxe vakantiehuis in Bramberg Oostenrijk\" \/>\n<meta property=\"article:modified_time\" content=\"2026-02-19T09:43:30+00:00\" \/>\n<meta name=\"twitter:card\" content=\"summary_large_image\" \/>\n<meta name=\"twitter:label1\" content=\"Gesch\u00e4tzte Lesezeit\" \/>\n\t<meta name=\"twitter:data1\" content=\"2\u00a0Minuten\" \/>\n<script type=\"application\/ld+json\" class=\"yoast-schema-graph\">{\"@context\":\"https:\/\/schema.org\",\"@graph\":[{\"@type\":\"WebPage\",\"@id\":\"https:\/\/www.chaletbramberg.nl\/de\/\",\"url\":\"https:\/\/www.chaletbramberg.nl\/de\/\",\"name\":\"Luxuri\u00f6ses Ferienhaus in Traumlage - Chalet Bramberg | Een luxe vakantiehuis in Bramberg Oostenrijk\",\"isPartOf\":{\"@id\":\"https:\/\/www.chaletbramberg.nl\/#website\"},\"datePublished\":\"2018-09-11T12:03:42+00:00\",\"dateModified\":\"2026-02-19T09:43:30+00:00\",\"description\":\"Chalet Sch\u00f6ne Aussicht ist ein Ferienhaus in gro\u00dfartiger Lage bei Bramberg! Der ideale Ausgangsort f\u00fcr eine Woche Skiurlaub im Salzburgerland. Jetzt mieten!\",\"breadcrumb\":{\"@id\":\"https:\/\/www.chaletbramberg.nl\/de\/#breadcrumb\"},\"inLanguage\":\"de\",\"potentialAction\":[{\"@type\":\"ReadAction\",\"target\":[\"https:\/\/www.chaletbramberg.nl\/de\/\"]}]},{\"@type\":\"BreadcrumbList\",\"@id\":\"https:\/\/www.chaletbramberg.nl\/de\/#breadcrumb\",\"itemListElement\":[{\"@type\":\"ListItem\",\"position\":1,\"name\":\"Home\",\"item\":\"https:\/\/www.chaletbramberg.nl\/de\/\"},{\"@type\":\"ListItem\",\"position\":2,\"name\":\"Luxuri\u00f6ses Ferienhaus in Traumlage\"}]},{\"@type\":\"WebSite\",\"@id\":\"https:\/\/www.chaletbramberg.nl\/#website\",\"url\":\"https:\/\/www.chaletbramberg.nl\/\",\"name\":\"Chalet Bramberg | Een luxe vakantiehuis in Bramberg Oostenrijk\",\"description\":\"Oostenrijk\",\"potentialAction\":[{\"@type\":\"SearchAction\",\"target\":{\"@type\":\"EntryPoint\",\"urlTemplate\":\"https:\/\/www.chaletbramberg.nl\/?s={search_term_string}\"},\"query-input\":{\"@type\":\"PropertyValueSpecification\",\"valueRequired\":true,\"valueName\":\"search_term_string\"}}],\"inLanguage\":\"de\"}]}<\/script>\n<!-- \/ Yoast SEO plugin. -->","yoast_head_json":{"title":"Luxuri\u00f6ses Ferienhaus in Traumlage - Chalet Bramberg | Een luxe vakantiehuis in Bramberg Oostenrijk","description":"Chalet Sch\u00f6ne Aussicht ist ein Ferienhaus in gro\u00dfartiger Lage bei Bramberg! Der ideale Ausgangsort f\u00fcr eine Woche Skiurlaub im Salzburgerland. Jetzt mieten!","robots":{"index":"index","follow":"follow","max-snippet":"max-snippet:-1","max-image-preview":"max-image-preview:large","max-video-preview":"max-video-preview:-1"},"canonical":"https:\/\/www.chaletbramberg.nl\/de\/","og_locale":"de_DE","og_type":"article","og_title":"Luxuri\u00f6ses Ferienhaus in Traumlage - Chalet Bramberg | Een luxe vakantiehuis in Bramberg Oostenrijk","og_description":"Chalet Sch\u00f6ne Aussicht ist ein Ferienhaus in gro\u00dfartiger Lage bei Bramberg! Der ideale Ausgangsort f\u00fcr eine Woche Skiurlaub im Salzburgerland. Jetzt mieten!","og_url":"https:\/\/www.chaletbramberg.nl\/de\/","og_site_name":"Chalet Bramberg | Een luxe vakantiehuis in Bramberg Oostenrijk","article_modified_time":"2026-02-19T09:43:30+00:00","twitter_card":"summary_large_image","twitter_misc":{"Gesch\u00e4tzte Lesezeit":"2\u00a0Minuten"},"schema":{"@context":"https:\/\/schema.org","@graph":[{"@type":"WebPage","@id":"https:\/\/www.chaletbramberg.nl\/de\/","url":"https:\/\/www.chaletbramberg.nl\/de\/","name":"Luxuri\u00f6ses Ferienhaus in Traumlage - Chalet Bramberg | Een luxe vakantiehuis in Bramberg Oostenrijk","isPartOf":{"@id":"https:\/\/www.chaletbramberg.nl\/#website"},"datePublished":"2018-09-11T12:03:42+00:00","dateModified":"2026-02-19T09:43:30+00:00","description":"Chalet Sch\u00f6ne Aussicht ist ein Ferienhaus in gro\u00dfartiger Lage bei Bramberg! Der ideale Ausgangsort f\u00fcr eine Woche Skiurlaub im Salzburgerland. Jetzt mieten!","breadcrumb":{"@id":"https:\/\/www.chaletbramberg.nl\/de\/#breadcrumb"},"inLanguage":"de","potentialAction":[{"@type":"ReadAction","target":["https:\/\/www.chaletbramberg.nl\/de\/"]}]},{"@type":"BreadcrumbList","@id":"https:\/\/www.chaletbramberg.nl\/de\/#breadcrumb","itemListElement":[{"@type":"ListItem","position":1,"name":"Home","item":"https:\/\/www.chaletbramberg.nl\/de\/"},{"@type":"ListItem","position":2,"name":"Luxuri\u00f6ses Ferienhaus in Traumlage"}]},{"@type":"WebSite","@id":"https:\/\/www.chaletbramberg.nl\/#website","url":"https:\/\/www.chaletbramberg.nl\/","name":"Chalet Bramberg | Een luxe vakantiehuis in Bramberg Oostenrijk","description":"Oostenrijk","potentialAction":[{"@type":"SearchAction","target":{"@type":"EntryPoint","urlTemplate":"https:\/\/www.chaletbramberg.nl\/?s={search_term_string}"},"query-input":{"@type":"PropertyValueSpecification","valueRequired":true,"valueName":"search_term_string"}}],"inLanguage":"de"}]}},"_links":{"self":[{"href":"https:\/\/www.chaletbramberg.nl\/de\/wp-json\/wp\/v2\/pages\/207","targetHints":{"allow":["GET"]}}],"collection":[{"href":"https:\/\/www.chaletbramberg.nl\/de\/wp-json\/wp\/v2\/pages"}],"about":[{"href":"https:\/\/www.chaletbramberg.nl\/de\/wp-json\/wp\/v2\/types\/page"}],"author":[{"embeddable":true,"href":"https:\/\/www.chaletbramberg.nl\/de\/wp-json\/wp\/v2\/users\/1"}],"replies":[{"embeddable":true,"href":"https:\/\/www.chaletbramberg.nl\/de\/wp-json\/wp\/v2\/comments?post=207"}],"version-history":[{"count":62,"href":"https:\/\/www.chaletbramberg.nl\/de\/wp-json\/wp\/v2\/pages\/207\/revisions"}],"predecessor-version":[{"id":2320,"href":"https:\/\/www.chaletbramberg.nl\/de\/wp-json\/wp\/v2\/pages\/207\/revisions\/2320"}],"wp:attachment":[{"href":"https:\/\/www.chaletbramberg.nl\/de\/wp-json\/wp\/v2\/media?parent=207"}],"curies":[{"name":"wp","href":"https:\/\/api.w.org\/{rel}","templated":true}]}}